{"id":5504,"date":"2024-08-03T14:04:49","date_gmt":"2024-08-03T14:04:49","guid":{"rendered":"https:\/\/fotobbreportajestienda.es\/?post_type=product&#038;p=5504"},"modified":"2024-08-03T14:05:04","modified_gmt":"2024-08-03T14:05:04","slug":"album-fotoportada-con-20-fotos","status":"publish","type":"product","link":"https:\/\/fotobbreportajestienda.es\/?product=album-fotoportada-con-20-fotos","title":{"rendered":"\u00c1lbum fotoportada con 20 fotos"},"content":{"rendered":"<p>Un \u00e1lbum es la mejor manera de disfrutar tus fotos es toc\u00e1ndolas y palpando los recuerdos de un momento tan especial. Siempre puedes volver a \u00e9l, tenerlo a mano y compartirlo con tu familia.\u00a0No queremos que tus fotos se queden en el olvido en un ordenador o en un m\u00f3vil. Por eso tenemos te proponemos tenerlas todas juntas en un \u00e1lbum que disfrutaras siempre.<\/p>\n<p>Puedes elegir 20 fotos para el interior de tu \u00e1lbum m\u00e1s una foto para la portada.<\/p>\n<p>Tiene un tama\u00f1o de 20x20cm y el lomo y la trasera van montados en lino.<\/p>\n","protected":false},"excerpt":{"rendered":"<p>Un \u00e1lbum es la mejor manera de disfrutar tus fotos es toc\u00e1ndolas y palpando los recuerdos de un momento tan especial. Siempre puedes volver a \u00e9l, tenerlo a mano y compartirlo con tu familia.\u00a0No queremos que tus fotos se queden en el olvido en un ordenador o en un m\u00f3vil. Por eso tenemos te proponemos tenerlas todas juntas en un \u00e1lbum que disfrutaras siempre.<\/p>\n<p>Puedes elegir 20 fotos para el interior de tu \u00e1lbum m\u00e1s una foto para la portada.<\/p>\n<p>Tiene un tama\u00f1o de 20x20cm y el lomo y la trasera van montados en lino.<\/p>\n","protected":false},"featured_media":5507,"template":"","meta":{"site-sidebar-layout":"default","site-content-layout":"default","ast-global-header-display":"","ast-main-header-display":"","ast-hfb-above-header-display":"","ast-hfb-below-header-display":"","ast-hfb-mobile-header-display":"","site-post-title":"","ast-breadcrumbs-content":"","ast-featured-img":"","footer-sml-layout":"","theme-transparent-header-meta":"default","adv-header-id-meta":"","stick-header-meta":"","header-above-stick-meta":"","header-main-stick-meta":"","header-below-stick-meta":""},"product_cat":[132],"product_tag":[],"class_list":{"0":"post-5504","1":"product","2":"type-product","3":"status-publish","4":"has-post-thumbnail","6":"product_cat-promocion-abuelos","7":"desktop-align-center","8":"tablet-align-center","9":"mobile-align-center","11":"first","12":"instock","13":"taxable","14":"shipping-taxable","15":"purchasable","16":"product-type-variable"},"_links":{"self":[{"href":"https:\/\/fotobbreportajestienda.es\/index.php?rest_route=\/wp\/v2\/product\/5504"}],"collection":[{"href":"https:\/\/fotobbreportajestienda.es\/index.php?rest_route=\/wp\/v2\/product"}],"about":[{"href":"https:\/\/fotobbreportajestienda.es\/index.php?rest_route=\/wp\/v2\/types\/product"}],"wp:featuredmedia":[{"embeddable":true,"href":"https:\/\/fotobbreportajestienda.es\/index.php?rest_route=\/wp\/v2\/media\/5507"}],"wp:attachment":[{"href":"https:\/\/fotobbreportajestienda.es\/index.php?rest_route=%2Fwp%2Fv2%2Fmedia&parent=5504"}],"wp:term":[{"taxonomy":"product_cat","embeddable":true,"href":"https:\/\/fotobbreportajestienda.es\/index.php?rest_route=%2Fwp%2Fv2%2Fproduct_cat&post=5504"},{"taxonomy":"product_tag","embeddable":true,"href":"https:\/\/fotobbreportajestienda.es\/index.php?rest_route=%2Fwp%2Fv2%2Fproduct_tag&post=5504"}],"curies":[{"name":"wp","href":"https:\/\/api.w.org\/{rel}","templated":true}]}}