{"id":5483,"date":"2024-07-30T10:59:23","date_gmt":"2024-07-30T10:59:23","guid":{"rendered":"https:\/\/fotobbreportajestienda.es\/?post_type=product&#038;p=5483"},"modified":"2024-08-26T09:01:49","modified_gmt":"2024-08-26T09:01:49","slug":"quiero-todas-las-fotos","status":"publish","type":"product","link":"https:\/\/fotobbreportajestienda.es\/?product=quiero-todas-las-fotos","title":{"rendered":"Quiero todas las fotos"},"content":{"rendered":"<p>Galer\u00eda completa con todas las fotos en alta resoluci\u00f3n sin la marca de agua en versi\u00f3n digital. (Descarga)<\/p>\n","protected":false},"excerpt":{"rendered":"<p>Galer\u00eda completa con todas las fotos en alta resoluci\u00f3n sin la marca de agua en versi\u00f3n digital. (Descarga)<\/p>\n","protected":false},"featured_media":5484,"template":"","meta":{"site-sidebar-layout":"default","site-content-layout":"default","ast-global-header-display":"","ast-main-header-display":"","ast-hfb-above-header-display":"","ast-hfb-below-header-display":"","ast-hfb-mobile-header-display":"","site-post-title":"","ast-breadcrumbs-content":"","ast-featured-img":"","footer-sml-layout":"","theme-transparent-header-meta":"default","adv-header-id-meta":"","stick-header-meta":"","header-above-stick-meta":"","header-main-stick-meta":"","header-below-stick-meta":""},"product_cat":[136,42],"product_tag":[],"class_list":{"0":"post-5483","1":"product","2":"type-product","3":"status-publish","4":"has-post-thumbnail","6":"product_cat-abuelos","7":"product_cat-acabados","8":"desktop-align-center","9":"tablet-align-center","10":"mobile-align-center","12":"first","13":"instock","14":"taxable","15":"shipping-taxable","16":"purchasable","17":"product-type-simple"},"_links":{"self":[{"href":"https:\/\/fotobbreportajestienda.es\/index.php?rest_route=\/wp\/v2\/product\/5483"}],"collection":[{"href":"https:\/\/fotobbreportajestienda.es\/index.php?rest_route=\/wp\/v2\/product"}],"about":[{"href":"https:\/\/fotobbreportajestienda.es\/index.php?rest_route=\/wp\/v2\/types\/product"}],"wp:featuredmedia":[{"embeddable":true,"href":"https:\/\/fotobbreportajestienda.es\/index.php?rest_route=\/wp\/v2\/media\/5484"}],"wp:attachment":[{"href":"https:\/\/fotobbreportajestienda.es\/index.php?rest_route=%2Fwp%2Fv2%2Fmedia&parent=5483"}],"wp:term":[{"taxonomy":"product_cat","embeddable":true,"href":"https:\/\/fotobbreportajestienda.es\/index.php?rest_route=%2Fwp%2Fv2%2Fproduct_cat&post=5483"},{"taxonomy":"product_tag","embeddable":true,"href":"https:\/\/fotobbreportajestienda.es\/index.php?rest_route=%2Fwp%2Fv2%2Fproduct_tag&post=5483"}],"curies":[{"name":"wp","href":"https:\/\/api.w.org\/{rel}","templated":true}]}}