{"id":5334,"date":"2024-02-28T13:39:27","date_gmt":"2024-02-28T13:39:27","guid":{"rendered":"https:\/\/fotobbreportajestienda.es\/?post_type=product&#038;p=5334"},"modified":"2024-08-26T09:02:03","modified_gmt":"2024-08-26T09:02:03","slug":"sesion-con-los-abuelos-plus-2-ninos-2-adultos-incluidos","status":"publish","type":"product","link":"https:\/\/fotobbreportajestienda.es\/?product=sesion-con-los-abuelos-plus-2-ninos-2-adultos-incluidos","title":{"rendered":"Sesi\u00f3n con los Abuelos PLUS (2 ni\u00f1os\/2 adultos incluidos)**"},"content":{"rendered":"<p>La SESI\u00d3N DE FOTOS CON ABUELOS PLUS consiste en:<\/p>\n<ul>\n<li>Una sesi\u00f3n fotogr\u00e1fica de 45 minutos aproximados de duraci\u00f3n en nuestro Estudio de Pozuelo de Alarc\u00f3n.<\/li>\n<li>La sesi\u00f3n incluye Fotos de los abuelos con los nietos. Si alg\u00fan adulto se anima a participar, tambi\u00e9n har\u00edamos fotos de los abuelos con los hijos y una foto de toda la familia.<\/li>\n<li>15 Fotos Retocadas y en ampliaciones 15&#215;20 en papel fotogr\u00e1fico profesional de alta calidad. Las 15 fotograf\u00edas son seleccionadas por vosotros.<\/li>\n<li>Las mismas 15 fotos en digital<\/li>\n<li>Un cuadro para colgar en la pared en tama\u00f1o 30x40cm con alguna de esas 15 fotos. Formato Dm sobre bastidor de madera.<\/li>\n<li>Opci\u00f3n de ampliar tu selecci\u00f3n por foto individuales en digital por 10\u20ac la unidad o adquirir la galer\u00eda completa (todas las fotos en digital) por 80\u20ac.<\/li>\n<\/ul>\n<p>Una vez realizada la compra nos pondremos en contacto con vosotros para organizar la sesi\u00f3n.<\/p>\n<p>Complementa tu compra con:<\/p>\n<ul>\n<li>alguno de los Acabados que ofrecemos:\u00a0<a href=\"http:\/\/fotobbreportajestienda.es\/?product_cat=acabados\">\u00c1lbumes, Cuadros, FotoRegalo, Recordatorios<\/a>\u2026.<\/li>\n<li>el Env\u00edo del Reportaje Acabado por\u00a0<a href=\"http:\/\/fotobbreportajestienda.es\/?product=envio-por-mensajero\">mensajero<\/a>\u00a0cuando est\u00e9 terminado,<\/li>\n<li><a href=\"http:\/\/fotobbreportajestienda.es\/?product=envio-paquete-regalo\">Env\u00edo de Paquete de Regalo<\/a>\u00a0con tarjeta regalo personalizada.<\/li>\n<\/ul>\n","protected":false},"excerpt":{"rendered":"<p>La SESI\u00d3N DE FOTOS CON ABUELOS PLUS consiste en: Una sesi\u00f3n fotogr\u00e1fica de 45 minutos aproximados de duraci\u00f3n en nuestro Estudio de Pozuelo de Alarc\u00f3n. La sesi\u00f3n incluye Fotos de los abuelos con los nietos. Si alg\u00fan adulto se anima a participar, tambi\u00e9n har\u00edamos fotos de los abuelos con los hijos y una foto de &hellip;<\/p>\n<p class=\"read-more\"> <a class=\"\" href=\"https:\/\/fotobbreportajestienda.es\/?product=sesion-con-los-abuelos-plus-2-ninos-2-adultos-incluidos\"> <span class=\"screen-reader-text\">Sesi\u00f3n con los Abuelos PLUS (2 ni\u00f1os\/2 adultos incluidos)**<\/span> Leer m\u00e1s &raquo;<\/a><\/p>\n","protected":false},"featured_media":5303,"template":"","meta":{"site-sidebar-layout":"default","site-content-layout":"default","ast-global-header-display":"","ast-main-header-display":"","ast-hfb-above-header-display":"","ast-hfb-below-header-display":"","ast-hfb-mobile-header-display":"","site-post-title":"","ast-breadcrumbs-content":"","ast-featured-img":"","footer-sml-layout":"","theme-transparent-header-meta":"default","adv-header-id-meta":"","stick-header-meta":"","header-above-stick-meta":"","header-main-stick-meta":"","header-below-stick-meta":""},"product_cat":[136,26,110,128],"product_tag":[],"class_list":{"0":"post-5334","1":"product","2":"type-product","3":"status-publish","4":"has-post-thumbnail","6":"product_cat-abuelos","7":"product_cat-bebes-y-familias","8":"product_cat-promociones-especiales","9":"product_cat-tarjeta-regalo","10":"desktop-align-center","11":"tablet-align-center","12":"mobile-align-center","14":"first","15":"instock","16":"taxable","17":"shipping-taxable","18":"purchasable","19":"product-type-variable"},"_links":{"self":[{"href":"https:\/\/fotobbreportajestienda.es\/index.php?rest_route=\/wp\/v2\/product\/5334"}],"collection":[{"href":"https:\/\/fotobbreportajestienda.es\/index.php?rest_route=\/wp\/v2\/product"}],"about":[{"href":"https:\/\/fotobbreportajestienda.es\/index.php?rest_route=\/wp\/v2\/types\/product"}],"wp:featuredmedia":[{"embeddable":true,"href":"https:\/\/fotobbreportajestienda.es\/index.php?rest_route=\/wp\/v2\/media\/5303"}],"wp:attachment":[{"href":"https:\/\/fotobbreportajestienda.es\/index.php?rest_route=%2Fwp%2Fv2%2Fmedia&parent=5334"}],"wp:term":[{"taxonomy":"product_cat","embeddable":true,"href":"https:\/\/fotobbreportajestienda.es\/index.php?rest_route=%2Fwp%2Fv2%2Fproduct_cat&post=5334"},{"taxonomy":"product_tag","embeddable":true,"href":"https:\/\/fotobbreportajestienda.es\/index.php?rest_route=%2Fwp%2Fv2%2Fproduct_tag&post=5334"}],"curies":[{"name":"wp","href":"https:\/\/api.w.org\/{rel}","templated":true}]}}