{"id":5183,"date":"2023-01-23T09:40:18","date_gmt":"2023-01-23T09:40:18","guid":{"rendered":"http:\/\/fotobbreportajestienda.es\/?post_type=product&#038;p=5183"},"modified":"2023-02-01T16:40:44","modified_gmt":"2023-02-01T16:40:44","slug":"album-fotoportada-20x20","status":"publish","type":"product","link":"https:\/\/fotobbreportajestienda.es\/?product=album-fotoportada-20x20","title":{"rendered":"\u00c1LBUM FOTOPORTADA 20&#215;20"},"content":{"rendered":"<p><span class=\"JsGRdQ\">Un \u00c1<strong>LBUM DIGITAL<\/strong> es la mejor manera de disfrutar tus fotos es toc\u00e1ndolas y palpando los recuerdos de un momento tan especial como es un nacimiento, una sesi\u00f3n de familia o el primer a\u00f1o de tu beb\u00e9! No queremos que tus fotos se queden en el olvido en un ordenador o en un m\u00f3vil. Por eso no puedes dejar pasar esta oferta que hemos preparado para que por fin, disfrutes de tus fotos impresas. \u00a1Aprovecha nuestras rebajas el cumple el primer prop\u00f3sito del a\u00f1o!.\u00a0 OFERTA V\u00c1LIDA SOLO HASTA EL 31 DE ENERO DE 2023<\/span><\/p>\n<p>Este producto consiste en precios \u00e1lbumes digitales, en tama\u00f1o 20x20cm y con 12 p\u00e1ginas, en el que podr\u00e1s poner 24 fotos que ser\u00e1n elegidas por ti misma. Seg\u00fan realices tu compra, te facilitaremos un enlace con la galer\u00eda de tus fotos para que puedas hacer la selecci\u00f3n de las fotos que ir\u00e1n en los \u00e1lbumes.<\/p>\n<p>Podr\u00e1s elegir una foto para la portada y entre algunas telas para el el lomo y la trasera de tu \u00e1lbum.<\/p>\n<p><span class=\"JsGRdQ\">OFERTA V\u00c1LIDA SOLO HASTA EL 31 DE ENERO DE 2023. \u00a1CORRE!<\/span><\/p>\n","protected":false},"excerpt":{"rendered":"<p>Un \u00c1LBUM DIGITAL es la mejor manera de disfrutar tus fotos es toc\u00e1ndolas y palpando los recuerdos de un momento tan especial como es un nacimiento, una sesi\u00f3n de familia o el primer a\u00f1o de tu beb\u00e9! No queremos que tus fotos se queden en el olvido en un ordenador o en un m\u00f3vil. Por &hellip;<\/p>\n<p class=\"read-more\"> <a class=\"\" href=\"https:\/\/fotobbreportajestienda.es\/?product=album-fotoportada-20x20\"> <span class=\"screen-reader-text\">\u00c1LBUM FOTOPORTADA 20&#215;20<\/span> Leer m\u00e1s &raquo;<\/a><\/p>\n","protected":false},"featured_media":5185,"template":"","meta":{"site-sidebar-layout":"default","site-content-layout":"default","ast-global-header-display":"","ast-main-header-display":"","ast-hfb-above-header-display":"","ast-hfb-below-header-display":"","ast-hfb-mobile-header-display":"","site-post-title":"","ast-breadcrumbs-content":"","ast-featured-img":"","footer-sml-layout":"","theme-transparent-header-meta":"default","adv-header-id-meta":"","stick-header-meta":"","header-above-stick-meta":"","header-main-stick-meta":"","header-below-stick-meta":""},"product_cat":[131],"product_tag":[],"class_list":{"0":"post-5183","1":"product","2":"type-product","3":"status-publish","4":"has-post-thumbnail","6":"product_cat-rebajas","7":"desktop-align-center","8":"tablet-align-center","9":"mobile-align-center","11":"first","12":"outofstock","13":"sale","14":"taxable","15":"shipping-taxable","16":"purchasable","17":"product-type-simple"},"_links":{"self":[{"href":"https:\/\/fotobbreportajestienda.es\/index.php?rest_route=\/wp\/v2\/product\/5183"}],"collection":[{"href":"https:\/\/fotobbreportajestienda.es\/index.php?rest_route=\/wp\/v2\/product"}],"about":[{"href":"https:\/\/fotobbreportajestienda.es\/index.php?rest_route=\/wp\/v2\/types\/product"}],"wp:featuredmedia":[{"embeddable":true,"href":"https:\/\/fotobbreportajestienda.es\/index.php?rest_route=\/wp\/v2\/media\/5185"}],"wp:attachment":[{"href":"https:\/\/fotobbreportajestienda.es\/index.php?rest_route=%2Fwp%2Fv2%2Fmedia&parent=5183"}],"wp:term":[{"taxonomy":"product_cat","embeddable":true,"href":"https:\/\/fotobbreportajestienda.es\/index.php?rest_route=%2Fwp%2Fv2%2Fproduct_cat&post=5183"},{"taxonomy":"product_tag","embeddable":true,"href":"https:\/\/fotobbreportajestienda.es\/index.php?rest_route=%2Fwp%2Fv2%2Fproduct_tag&post=5183"}],"curies":[{"name":"wp","href":"https:\/\/api.w.org\/{rel}","templated":true}]}}