{"id":5057,"date":"2022-04-20T15:11:21","date_gmt":"2022-04-20T15:11:21","guid":{"rendered":"http:\/\/fotobbreportajestienda.es\/?post_type=product&#038;p=5057"},"modified":"2024-04-02T16:19:38","modified_gmt":"2024-04-02T16:19:38","slug":"mini-sesion-dia-de-la-madre-premium","status":"publish","type":"product","link":"https:\/\/fotobbreportajestienda.es\/?product=mini-sesion-dia-de-la-madre-premium","title":{"rendered":"Mini Sesi\u00f3n D\u00eda de la Madre Premium"},"content":{"rendered":"<h2>\u00bfTEN\u00c9IS YA PENSADO SU REGALO?<\/h2>\n<p>Te proponemos un regalo muy especial para este a\u00f1o: \u00a1UNA SESI\u00d3N DE FOTOS para ella con los ni\u00f1os! En este caso se trata de una sesi\u00f3n de mayor duraci\u00f3n, 45 minutos, que aprovecharemos para hacer unas bonitas fotos a la mami como protagonista en compa\u00f1\u00eda de sus peques, as\u00ed como algunas fotos de toda la familia. Adem\u00e1s, esta sesi\u00f3n a diferencia de las otras, incluye un cambio de ropa y de fondo, lo que te permitir\u00e1 tener un recuerdo un poco m\u00e1s especial.<\/p>\n<p>Para que pod\u00e1is disfrutar de vuestras fotos impresas y no dejarlas en el olvido en un ordenador, os entregaremos las 15 fotos que vosotras elij\u00e1is en un precioso \u00e1lbum. Adem\u00e1s de esas mismas 15 fotos en digital.<\/p>\n<p>Si quer\u00e9is m\u00e1s fotos, puedes ampliar el n\u00famero de fotos que incluye tu reportaje por 8\u20ac la foto individual en digital o toda la galer\u00eda de fotos por 50\u20ac.<\/p>\n<p>Una 7 d\u00edas laborales despu\u00e9s de la sesi\u00f3n os enviaremos la galer\u00eda privada\u00a0 para hag\u00e1is la selecci\u00f3n de las 15 fotos y las descargu\u00e9is en vuestro ordenador. Despu\u00e9s lo maquetaremos y os avisaremos para recoger cuando lo recibamos del laboratorio.<\/p>\n<p><strong>SOLO DISPONIBLE HASTA EL 5 DE MAYO<\/strong><\/p>\n<p>Una vez realizada la compra, te prepararemos una tarjeta digital para que se la puedas entregar ese d\u00eda tan especial y te la enviaremos en un email o por whatsapp.<\/p>\n<p>\u00a1Gracias por regalarnos!<\/p>\n","protected":false},"excerpt":{"rendered":"<ul>\n<li>Tarjeta Regalo Descargable<\/li>\n<li>Sesi\u00f3n fotogr\u00e1fica en Estudio de 45 min.<\/li>\n<li>2 vestuarios<\/li>\n<li>Fotos atemporales y con decoraci\u00f3n<\/li>\n<li>Fotos de la madre con los ni\u00f1os<\/li>\n<li>un retrato de toda la familia<\/li>\n<li>15 fotos en digital elegidas por ti<\/li>\n<li>\u00e1lbum con esas mismas 15 fotos<\/li>\n<li>(Beb\u00e9s a partir de 6 meses)<\/li>\n<li>M\u00e1ximo 3 ni\u00f1os. A partir de 3 se cobrar\u00e1 un suplemento de 15\u20ac por ni\u00f1os. Misma unidad familiar<\/li>\n<\/ul>\n","protected":false},"featured_media":5392,"template":"","meta":{"site-sidebar-layout":"default","site-content-layout":"default","ast-global-header-display":"","ast-main-header-display":"","ast-hfb-above-header-display":"","ast-hfb-below-header-display":"","ast-hfb-mobile-header-display":"","site-post-title":"","ast-breadcrumbs-content":"","ast-featured-img":"","footer-sml-layout":"","theme-transparent-header-meta":"default","adv-header-id-meta":"","stick-header-meta":"","header-above-stick-meta":"","header-main-stick-meta":"","header-below-stick-meta":""},"product_cat":[110],"product_tag":[],"class_list":{"0":"post-5057","1":"product","2":"type-product","3":"status-publish","4":"has-post-thumbnail","6":"product_cat-promociones-especiales","7":"desktop-align-center","8":"tablet-align-center","9":"mobile-align-center","11":"first","12":"instock","13":"taxable","14":"shipping-taxable","15":"purchasable","16":"product-type-simple"},"_links":{"self":[{"href":"https:\/\/fotobbreportajestienda.es\/index.php?rest_route=\/wp\/v2\/product\/5057"}],"collection":[{"href":"https:\/\/fotobbreportajestienda.es\/index.php?rest_route=\/wp\/v2\/product"}],"about":[{"href":"https:\/\/fotobbreportajestienda.es\/index.php?rest_route=\/wp\/v2\/types\/product"}],"wp:featuredmedia":[{"embeddable":true,"href":"https:\/\/fotobbreportajestienda.es\/index.php?rest_route=\/wp\/v2\/media\/5392"}],"wp:attachment":[{"href":"https:\/\/fotobbreportajestienda.es\/index.php?rest_route=%2Fwp%2Fv2%2Fmedia&parent=5057"}],"wp:term":[{"taxonomy":"product_cat","embeddable":true,"href":"https:\/\/fotobbreportajestienda.es\/index.php?rest_route=%2Fwp%2Fv2%2Fproduct_cat&post=5057"},{"taxonomy":"product_tag","embeddable":true,"href":"https:\/\/fotobbreportajestienda.es\/index.php?rest_route=%2Fwp%2Fv2%2Fproduct_tag&post=5057"}],"curies":[{"name":"wp","href":"https:\/\/api.w.org\/{rel}","templated":true}]}}