{"id":4872,"date":"2022-02-01T10:54:37","date_gmt":"2022-02-01T10:54:37","guid":{"rendered":"http:\/\/fotobbreportajestienda.es\/?post_type=product&#038;p=4872"},"modified":"2024-02-12T10:43:11","modified_gmt":"2024-02-12T10:43:11","slug":"reportaje-de-primera-comunion-completoalbum-digital","status":"publish","type":"product","link":"https:\/\/fotobbreportajestienda.es\/?product=reportaje-de-primera-comunion-completoalbum-digital","title":{"rendered":"Reportaje de Primera Comuni\u00f3n Completo+\u00c1lbum digital"},"content":{"rendered":"<p>El Reportaje COMPLETO+\u00c1lbum Digital consiste en:<\/p>\n<ul>\n<li>Una sesi\u00f3n fotogr\u00e1fica de dos horas duraci\u00f3n en nuestro Estudio de Pozuelo de Alarc\u00f3n. Tambi\u00e9n tenemos la opci\u00f3n de hacer 1 hora en estudio y 1 hora en exterior en el mismo d\u00eda.<\/li>\n<li>Fotos vestido\/a con ropa de Comuni\u00f3n<\/li>\n<li>Fotos vestido\/a con ropa de calle<\/li>\n<li>Fotos con hermanos y padres<\/li>\n<li>Uso de elementos decorativos y algo de atrezzo<\/li>\n<li>25 fotos en digital elegidas por ti<\/li>\n<li>\u00c1lbum digital 25x25cm con esas 25 fotos entregado en preciosa caja de madera a juego<\/li>\n<\/ul>\n<p>Una vez realizada la compra nos pondremos en contacto con vosotros para organizar la sesi\u00f3n. Si es un regalo podr\u00e1s pedirnos una tarjeta imprimible o por email. Te enviaremos un email solicitando los detalles cuando nos llegue la notificaci\u00f3n de la compra terminada.<\/p>\n<p>Complementa tu compra con:<\/p>\n<ul>\n<li>10\u20ac foto extra (en digital)<\/li>\n<li>80\u20ac Galer\u00eda Completa con todas las fotos<\/li>\n<li>Opci\u00f3n de encargar recordatorios, libro de firmas, fotodecoraci\u00f3n, imanes, llaveros,etc.<\/li>\n<li>alguno de los Acabados que ofrecemos: <a href=\"http:\/\/fotobbreportajestienda.es\/?product_cat=acabados\">\u00a0Cuadros, FotoRegalo, Recordatorios<\/a>\u2026.<\/li>\n<li>el Env\u00edo del Reportaje Acabado por\u00a0<a href=\"http:\/\/fotobbreportajestienda.es\/?product=envio-por-mensajero\">mensajero<\/a>\u00a0cuando est\u00e9 terminado<\/li>\n<\/ul>\n","protected":false},"excerpt":{"rendered":"<p>El Reportaje COMPLETO+\u00c1lbum Digital consiste en: Una sesi\u00f3n fotogr\u00e1fica de dos horas duraci\u00f3n en nuestro Estudio de Pozuelo de Alarc\u00f3n. Tambi\u00e9n tenemos la opci\u00f3n de hacer 1 hora en estudio y 1 hora en exterior en el mismo d\u00eda. Fotos vestido\/a con ropa de Comuni\u00f3n Fotos vestido\/a con ropa de calle Fotos con hermanos y &hellip;<\/p>\n<p class=\"read-more\"> <a class=\"\" href=\"https:\/\/fotobbreportajestienda.es\/?product=reportaje-de-primera-comunion-completoalbum-digital\"> <span class=\"screen-reader-text\">Reportaje de Primera Comuni\u00f3n Completo+\u00c1lbum digital<\/span> Leer m\u00e1s &raquo;<\/a><\/p>\n","protected":false},"featured_media":5290,"template":"","meta":{"site-sidebar-layout":"default","site-content-layout":"default","ast-global-header-display":"","ast-main-header-display":"","ast-hfb-above-header-display":"","ast-hfb-below-header-display":"","ast-hfb-mobile-header-display":"","site-post-title":"","ast-breadcrumbs-content":"","ast-featured-img":"","footer-sml-layout":"","theme-transparent-header-meta":"default","adv-header-id-meta":"","stick-header-meta":"","header-above-stick-meta":"","header-main-stick-meta":"","header-below-stick-meta":""},"product_cat":[28],"product_tag":[],"class_list":{"0":"post-4872","1":"product","2":"type-product","3":"status-publish","4":"has-post-thumbnail","6":"product_cat-primera-comunion","7":"desktop-align-center","8":"tablet-align-center","9":"mobile-align-center","11":"first","12":"instock","13":"taxable","14":"shipping-taxable","15":"purchasable","16":"product-type-simple"},"_links":{"self":[{"href":"https:\/\/fotobbreportajestienda.es\/index.php?rest_route=\/wp\/v2\/product\/4872"}],"collection":[{"href":"https:\/\/fotobbreportajestienda.es\/index.php?rest_route=\/wp\/v2\/product"}],"about":[{"href":"https:\/\/fotobbreportajestienda.es\/index.php?rest_route=\/wp\/v2\/types\/product"}],"wp:featuredmedia":[{"embeddable":true,"href":"https:\/\/fotobbreportajestienda.es\/index.php?rest_route=\/wp\/v2\/media\/5290"}],"wp:attachment":[{"href":"https:\/\/fotobbreportajestienda.es\/index.php?rest_route=%2Fwp%2Fv2%2Fmedia&parent=4872"}],"wp:term":[{"taxonomy":"product_cat","embeddable":true,"href":"https:\/\/fotobbreportajestienda.es\/index.php?rest_route=%2Fwp%2Fv2%2Fproduct_cat&post=4872"},{"taxonomy":"product_tag","embeddable":true,"href":"https:\/\/fotobbreportajestienda.es\/index.php?rest_route=%2Fwp%2Fv2%2Fproduct_tag&post=4872"}],"curies":[{"name":"wp","href":"https:\/\/api.w.org\/{rel}","templated":true}]}}