{"id":4825,"date":"2021-05-25T16:27:15","date_gmt":"2021-05-25T16:27:15","guid":{"rendered":"http:\/\/fotobbreportajestienda.es\/?post_type=product&#038;p=4825"},"modified":"2023-05-09T09:41:58","modified_gmt":"2023-05-09T09:41:58","slug":"album-digital-basic_coleccion-lino","status":"publish","type":"product","link":"https:\/\/fotobbreportajestienda.es\/?product=album-digital-basic_coleccion-lino","title":{"rendered":"\u00c1lbum Personalizado_Fotoventana"},"content":{"rendered":"<p><span class=\"JsGRdQ\">Un \u00c1<strong>LBUM DIGITAL<\/strong> es la mejor manera de disfrutar tus fotos es toc\u00e1ndolas y palpando los recuerdos de un momento tan especial como es un nacimiento, un embarazo, una sesi\u00f3n de familia o la Primera Comuni\u00f3n de tu hij@! No queremos que tus fotos se queden en el olvido en un ordenador o en un m\u00f3vil. Por eso tenemos te proponemos diferentes opciones muy muy chulas para disfrutar de tu recuerdos, tanto t\u00fa como el protagonista y los abuelos, que ya sabemos que a ellos les gusta tenerlo en papel.<\/span><\/p>\n<p class=\"_04xlpA direction-ltr align-start para-style-subtitle\"><span class=\"JsGRdQ\">\u00c1lbum de tama\u00f1o 25&#215;25 forrado con materiales lino de diferentes colores y en el centro una ventana cuadrada para poner una foto o personalizable sin foto. Se puede elegir el color de las tapas y el tono de las rayas del lomo.\u00a0<\/span><\/p>\n","protected":false},"excerpt":{"rendered":"<p>Un \u00c1LBUM DIGITAL es la mejor manera de disfrutar tus fotos es toc\u00e1ndolas y palpando los recuerdos de un momento tan especial como es un nacimiento, un embarazo, una sesi\u00f3n de familia o la Primera Comuni\u00f3n de tu hij@! No queremos que tus fotos se queden en el olvido en un ordenador o en un &hellip;<\/p>\n<p class=\"read-more\"> <a class=\"\" href=\"https:\/\/fotobbreportajestienda.es\/?product=album-digital-basic_coleccion-lino\"> <span class=\"screen-reader-text\">\u00c1lbum Personalizado_Fotoventana<\/span> Leer m\u00e1s &raquo;<\/a><\/p>\n","protected":false},"featured_media":4780,"template":"","meta":{"site-sidebar-layout":"default","site-content-layout":"default","ast-global-header-display":"","ast-main-header-display":"","ast-hfb-above-header-display":"","ast-hfb-below-header-display":"","ast-hfb-mobile-header-display":"","site-post-title":"","ast-breadcrumbs-content":"","ast-featured-img":"","footer-sml-layout":"","theme-transparent-header-meta":"default","adv-header-id-meta":"","stick-header-meta":"","header-above-stick-meta":"","header-main-stick-meta":"","header-below-stick-meta":""},"product_cat":[42,44],"product_tag":[],"class_list":{"0":"post-4825","1":"product","2":"type-product","3":"status-publish","4":"has-post-thumbnail","6":"product_cat-acabados","7":"product_cat-album-digital","8":"desktop-align-center","9":"tablet-align-center","10":"mobile-align-center","12":"first","13":"instock","14":"taxable","15":"shipping-taxable","16":"purchasable","17":"product-type-simple"},"_links":{"self":[{"href":"https:\/\/fotobbreportajestienda.es\/index.php?rest_route=\/wp\/v2\/product\/4825"}],"collection":[{"href":"https:\/\/fotobbreportajestienda.es\/index.php?rest_route=\/wp\/v2\/product"}],"about":[{"href":"https:\/\/fotobbreportajestienda.es\/index.php?rest_route=\/wp\/v2\/types\/product"}],"wp:featuredmedia":[{"embeddable":true,"href":"https:\/\/fotobbreportajestienda.es\/index.php?rest_route=\/wp\/v2\/media\/4780"}],"wp:attachment":[{"href":"https:\/\/fotobbreportajestienda.es\/index.php?rest_route=%2Fwp%2Fv2%2Fmedia&parent=4825"}],"wp:term":[{"taxonomy":"product_cat","embeddable":true,"href":"https:\/\/fotobbreportajestienda.es\/index.php?rest_route=%2Fwp%2Fv2%2Fproduct_cat&post=4825"},{"taxonomy":"product_tag","embeddable":true,"href":"https:\/\/fotobbreportajestienda.es\/index.php?rest_route=%2Fwp%2Fv2%2Fproduct_tag&post=4825"}],"curies":[{"name":"wp","href":"https:\/\/api.w.org\/{rel}","templated":true}]}}