{"id":4746,"date":"2021-04-20T10:07:03","date_gmt":"2021-04-20T10:07:03","guid":{"rendered":"http:\/\/fotobbreportajestienda.es\/?post_type=product&#038;p=4746"},"modified":"2024-04-02T16:18:36","modified_gmt":"2024-04-02T16:18:36","slug":"mini-sesion-dia-de-la-madre-plus","status":"publish","type":"product","link":"https:\/\/fotobbreportajestienda.es\/?product=mini-sesion-dia-de-la-madre-plus","title":{"rendered":"Mini Sesi\u00f3n D\u00eda de la Madre PLUS"},"content":{"rendered":"<h2>\u00bfTEN\u00c9IS YA PENSADO SU REGALO?<\/h2>\n<p>Te proponemos un regalo muy especial para este a\u00f1o: UNA SESI\u00d3N DE FOTOS para ella con los ni\u00f1os!!. Se trata de una sesi\u00f3n cortita de 15 minutos de duraci\u00f3n en nuestro estudio profesional en las que haremos fotos a la madre con su ni\u00f1@ o ni\u00f1@s\u00a0 y adem\u00e1s, un retrato de todo la familia.<\/p>\n<p>La sesi\u00f3n incluye 10 fotos en digital que ser\u00e1n elegidas por vosotros mismos a trav\u00e9s de una galer\u00eda privada. Si quer\u00e9is m\u00e1s fotos, puedes ampliar el n\u00famero de fotos que incluye tu reportaje por 8\u20ac la foto individual en digital o toda la galer\u00eda de fotos por 50\u20ac.<\/p>\n<p>Y como queremos que tambi\u00e9n disfrut\u00e9is de vuestras fotos impresas y no dejarlas en el olvido cuando pasen unos meses podr\u00e1s elegir entre tener esas mismas 10 fotos digitales impresas o un taco de madera impreso con 2 fotos en tama\u00f1o 15x20cm.<\/p>\n<p><strong>SOLO DISPONIBLE HASTA EL 5 DE MAYO<\/strong><\/p>\n<p>Una vez realizada la compra, te prepararemos una tarjeta digital para que se la puedas entregar ese d\u00eda tan especial y te la enviaremos en un email o por whatsapp.<\/p>\n<p>\u00a1Gracias por regalarnos!<\/p>\n","protected":false},"excerpt":{"rendered":"<ul>\n<li>Tarjeta Regalo Descargable<\/li>\n<li>Sesi\u00f3n fotogr\u00e1fica en Estudio de 15 min.<\/li>\n<li>1 vestuarios<\/li>\n<li>Fotos de la madre con los ni\u00f1os<\/li>\n<li>un retrato de toda la familia<\/li>\n<li>10 fotos en digital elegidas por ti<\/li>\n<li>1 taco de madera con 2 fotos o esas mismas 10 fotos impresas<\/li>\n<li>(Beb\u00e9s a partir de 6 meses)<\/li>\n<li>M\u00e1ximo 3 ni\u00f1os. A partir de 3 se cobrar\u00e1 un suplemento de 15\u20ac por ni\u00f1os. Misma unidad familiar<\/li>\n<\/ul>\n","protected":false},"featured_media":5391,"template":"","meta":{"site-sidebar-layout":"default","site-content-layout":"default","ast-global-header-display":"","ast-main-header-display":"","ast-hfb-above-header-display":"","ast-hfb-below-header-display":"","ast-hfb-mobile-header-display":"","site-post-title":"","ast-breadcrumbs-content":"","ast-featured-img":"","footer-sml-layout":"","theme-transparent-header-meta":"default","adv-header-id-meta":"","stick-header-meta":"","header-above-stick-meta":"","header-main-stick-meta":"","header-below-stick-meta":""},"product_cat":[110],"product_tag":[],"class_list":{"0":"post-4746","1":"product","2":"type-product","3":"status-publish","4":"has-post-thumbnail","6":"product_cat-promociones-especiales","7":"desktop-align-center","8":"tablet-align-center","9":"mobile-align-center","11":"first","12":"instock","13":"taxable","14":"shipping-taxable","15":"purchasable","16":"product-type-simple"},"_links":{"self":[{"href":"https:\/\/fotobbreportajestienda.es\/index.php?rest_route=\/wp\/v2\/product\/4746"}],"collection":[{"href":"https:\/\/fotobbreportajestienda.es\/index.php?rest_route=\/wp\/v2\/product"}],"about":[{"href":"https:\/\/fotobbreportajestienda.es\/index.php?rest_route=\/wp\/v2\/types\/product"}],"wp:featuredmedia":[{"embeddable":true,"href":"https:\/\/fotobbreportajestienda.es\/index.php?rest_route=\/wp\/v2\/media\/5391"}],"wp:attachment":[{"href":"https:\/\/fotobbreportajestienda.es\/index.php?rest_route=%2Fwp%2Fv2%2Fmedia&parent=4746"}],"wp:term":[{"taxonomy":"product_cat","embeddable":true,"href":"https:\/\/fotobbreportajestienda.es\/index.php?rest_route=%2Fwp%2Fv2%2Fproduct_cat&post=4746"},{"taxonomy":"product_tag","embeddable":true,"href":"https:\/\/fotobbreportajestienda.es\/index.php?rest_route=%2Fwp%2Fv2%2Fproduct_tag&post=4746"}],"curies":[{"name":"wp","href":"https:\/\/api.w.org\/{rel}","templated":true}]}}