{"id":4539,"date":"2020-05-06T16:53:45","date_gmt":"2020-05-06T16:53:45","guid":{"rendered":"http:\/\/fotobbreportajestienda.es\/?post_type=product&#038;p=4539"},"modified":"2024-04-08T12:55:38","modified_gmt":"2024-04-08T12:55:38","slug":"reportaje-de-gemelos-recien-nacidos-bebes-padres-y-escenografia","status":"publish","type":"product","link":"https:\/\/fotobbreportajestienda.es\/?product=reportaje-de-gemelos-recien-nacidos-bebes-padres-y-escenografia","title":{"rendered":"Reportaje de Gemelos Reci\u00e9n Nacidos Beb\u00e9s, Padres y escenograf\u00eda"},"content":{"rendered":"<p>El Reportaje de SOLO BEB\u00c9S (para gemelos o mellizos)\u00a0consiste en:<\/p>\n<ul>\n<li>El\u00a0Reportaje\u00a0SENCILLO\u00a0(de Gemelos o Mellizos) consiste en:\n<ul>\n<li>Una sesi\u00f3n fotogr\u00e1fica de\u00a02\u00a0horas de duraci\u00f3n en nuestro Estudio de Pozuelo de Alarc\u00f3n: Retratos de los Beb\u00e9s juntos y por separado en Diferentes Posturitas adem\u00e1s de Fotos de Familia con los padres.<\/li>\n<li>Galer\u00eda con todos las im\u00e1genes resultantes para visualizar y descargar en Alta Resoluci\u00f3n (150-180 fotos).<\/li>\n<li>15 Fotograf\u00edas Retocadas y en Ampliaciones 15&#215;20 impresas en papel fotogr\u00e1fico de calidad profesional. Las\u00a015 fotograf\u00edas son seleccionadas por los padres.<\/li>\n<\/ul>\n<\/li>\n<\/ul>\n<p>Una vez realizada la compra nos pondremos en contacto con vosotros para organizar la sesi\u00f3n. Si es un regalo podr\u00e1s pedirnos una tarjeta imprimible o por email. Te pediremos todos los detalles al finalizar la compra.<\/p>\n<p>Complementa tu compra con:<\/p>\n<ul>\n<li>alguno de los Acabados que ofrecemos:\u00a0<a href=\"http:\/\/fotobbreportajestienda.es\/?product_cat=acabados\">\u00c1lbumes, Cuadros, FotoRegalo, Recordatorios<\/a>\u2026.<\/li>\n<li>el Env\u00edo del Reportaje Acabado por\u00a0<a href=\"http:\/\/fotobbreportajestienda.es\/?product=envio-por-mensajero\">mensajero<\/a>\u00a0cuando est\u00e9 terminado,<\/li>\n<li><a href=\"http:\/\/fotobbreportajestienda.es\/?product=envio-paquete-regalo\">Env\u00edo de Paquete de Regalo<\/a>\u00a0con tarjeta regalo personalizada.<\/li>\n<\/ul>\n","protected":false},"excerpt":{"rendered":"<p>El Reportaje de SOLO BEB\u00c9S (para gemelos o mellizos)\u00a0consiste en: El\u00a0Reportaje\u00a0SENCILLO\u00a0(de Gemelos o Mellizos) consiste en: Una sesi\u00f3n fotogr\u00e1fica de\u00a02\u00a0horas de duraci\u00f3n en nuestro Estudio de Pozuelo de Alarc\u00f3n: Retratos de los Beb\u00e9s juntos y por separado en Diferentes Posturitas adem\u00e1s de Fotos de Familia con los padres. Galer\u00eda con todos las im\u00e1genes resultantes para &hellip;<\/p>\n<p class=\"read-more\"> <a class=\"\" href=\"https:\/\/fotobbreportajestienda.es\/?product=reportaje-de-gemelos-recien-nacidos-bebes-padres-y-escenografia\"> <span class=\"screen-reader-text\">Reportaje de Gemelos Reci\u00e9n Nacidos Beb\u00e9s, Padres y escenograf\u00eda<\/span> Leer m\u00e1s &raquo;<\/a><\/p>\n","protected":false},"featured_media":4528,"template":"","meta":{"site-sidebar-layout":"default","site-content-layout":"default","ast-global-header-display":"","ast-main-header-display":"","ast-hfb-above-header-display":"","ast-hfb-below-header-display":"","ast-hfb-mobile-header-display":"","site-post-title":"","ast-breadcrumbs-content":"","ast-featured-img":"","footer-sml-layout":"","theme-transparent-header-meta":"default","adv-header-id-meta":"","stick-header-meta":"","header-above-stick-meta":"","header-main-stick-meta":"","header-below-stick-meta":""},"product_cat":[15],"product_tag":[],"class_list":{"0":"post-4539","1":"product","2":"type-product","3":"status-publish","4":"has-post-thumbnail","6":"product_cat-uncategorized","7":"desktop-align-center","8":"tablet-align-center","9":"mobile-align-center","11":"first","12":"outofstock","13":"taxable","14":"shipping-taxable","15":"purchasable","16":"product-type-simple"},"_links":{"self":[{"href":"https:\/\/fotobbreportajestienda.es\/index.php?rest_route=\/wp\/v2\/product\/4539"}],"collection":[{"href":"https:\/\/fotobbreportajestienda.es\/index.php?rest_route=\/wp\/v2\/product"}],"about":[{"href":"https:\/\/fotobbreportajestienda.es\/index.php?rest_route=\/wp\/v2\/types\/product"}],"wp:featuredmedia":[{"embeddable":true,"href":"https:\/\/fotobbreportajestienda.es\/index.php?rest_route=\/wp\/v2\/media\/4528"}],"wp:attachment":[{"href":"https:\/\/fotobbreportajestienda.es\/index.php?rest_route=%2Fwp%2Fv2%2Fmedia&parent=4539"}],"wp:term":[{"taxonomy":"product_cat","embeddable":true,"href":"https:\/\/fotobbreportajestienda.es\/index.php?rest_route=%2Fwp%2Fv2%2Fproduct_cat&post=4539"},{"taxonomy":"product_tag","embeddable":true,"href":"https:\/\/fotobbreportajestienda.es\/index.php?rest_route=%2Fwp%2Fv2%2Fproduct_tag&post=4539"}],"curies":[{"name":"wp","href":"https:\/\/api.w.org\/{rel}","templated":true}]}}