{"id":4453,"date":"2020-05-06T14:45:49","date_gmt":"2020-05-06T14:45:49","guid":{"rendered":"http:\/\/fotobbreportajestienda.es\/?post_type=product&#038;p=4453"},"modified":"2025-03-06T18:38:18","modified_gmt":"2025-03-06T18:38:18","slug":"reportaje-del-dia-del-padre","status":"publish","type":"product","link":"https:\/\/fotobbreportajestienda.es\/?product=reportaje-del-dia-del-padre","title":{"rendered":"Sesi\u00f3n D\u00eda del Padre Mini"},"content":{"rendered":"<h2>\u00bfTEN\u00c9IS YA PENSADO SU REGALO?<\/h2>\n<p>Te proponemos un regalo muy especial para este a\u00f1o: UNA SESI\u00d3N DE FOTOS para \u00e9l con los ni\u00f1os!!. Se trata de una sesi\u00f3n cortita de 15 minutos de duraci\u00f3n en nuestro estudio profesional en las que haremos fotos al padre con su ni\u00f1@ o ni\u00f1@s\u00a0 y adem\u00e1s, un retrato de todo la familia.<\/p>\n<p>Una semana despu\u00e9s de la sesi\u00f3n os enviaremos una galer\u00eda privada desde la que podr\u00e1s elegir y descargar las 10 fotos que incluye tu reportaje. Si quer\u00e9is m\u00e1s fotos, puedes ampliar el n\u00famero de fotos que incluye tu reportaje por 8\u20ac la foto individual en digital o toda la galer\u00eda de fotos por 50\u20ac.<\/p>\n<p>\u00bfSe te ocurre alguna idea mejor que un reportaje fotogr\u00e1fico en el D\u00eda del Padre?<\/p>\n<p><strong>PROMOCI\u00d3N SOLO DISPONIBLE HASTA EL 19 DE MARZO<\/strong><\/p>\n<p>Una vez realizada la compra, te enviaremos una tarjeta digital para que se la puedas entregar ese d\u00eda tan especial y te la enviaremos en un email o whatsapp.<\/p>\n<p>\u00a1Gracias por regalarnos!<\/p>\n","protected":false},"excerpt":{"rendered":"<ul>\n<li>Tarjeta Regalo descargable<\/li>\n<li>15 minutos de sesi\u00f3n en estudio<\/li>\n<li>Fotos del padre con los ni\u00f1os<\/li>\n<li>un retrato de toda la familia<\/li>\n<li>10 fotos en digital (descarga) elegidas por ti<\/li>\n<li>(Beb\u00e9s a partir de 6 meses)<\/li>\n<li>Opci\u00f3n de ampliar fotos en digital 8\u20ac\/ud o comprar galer\u00eda completa (todas las fotos en alta calidad) por 50\u20ac<\/li>\n<\/ul>\n","protected":false},"featured_media":4729,"template":"","meta":{"site-sidebar-layout":"default","site-content-layout":"default","ast-global-header-display":"","ast-main-header-display":"","ast-hfb-above-header-display":"","ast-hfb-below-header-display":"","ast-hfb-mobile-header-display":"","site-post-title":"","ast-breadcrumbs-content":"","ast-featured-img":"","footer-sml-layout":"","theme-transparent-header-meta":"default","adv-header-id-meta":"","stick-header-meta":"","header-above-stick-meta":"","header-main-stick-meta":"","header-below-stick-meta":""},"product_cat":[110],"product_tag":[],"class_list":{"0":"post-4453","1":"product","2":"type-product","3":"status-publish","4":"has-post-thumbnail","6":"product_cat-promociones-especiales","7":"desktop-align-center","8":"tablet-align-center","9":"mobile-align-center","11":"first","12":"instock","13":"taxable","14":"shipping-taxable","15":"purchasable","16":"product-type-simple"},"_links":{"self":[{"href":"https:\/\/fotobbreportajestienda.es\/index.php?rest_route=\/wp\/v2\/product\/4453"}],"collection":[{"href":"https:\/\/fotobbreportajestienda.es\/index.php?rest_route=\/wp\/v2\/product"}],"about":[{"href":"https:\/\/fotobbreportajestienda.es\/index.php?rest_route=\/wp\/v2\/types\/product"}],"wp:featuredmedia":[{"embeddable":true,"href":"https:\/\/fotobbreportajestienda.es\/index.php?rest_route=\/wp\/v2\/media\/4729"}],"wp:attachment":[{"href":"https:\/\/fotobbreportajestienda.es\/index.php?rest_route=%2Fwp%2Fv2%2Fmedia&parent=4453"}],"wp:term":[{"taxonomy":"product_cat","embeddable":true,"href":"https:\/\/fotobbreportajestienda.es\/index.php?rest_route=%2Fwp%2Fv2%2Fproduct_cat&post=4453"},{"taxonomy":"product_tag","embeddable":true,"href":"https:\/\/fotobbreportajestienda.es\/index.php?rest_route=%2Fwp%2Fv2%2Fproduct_tag&post=4453"}],"curies":[{"name":"wp","href":"https:\/\/api.w.org\/{rel}","templated":true}]}}