{"id":4450,"date":"2020-05-06T14:41:54","date_gmt":"2020-05-06T14:41:54","guid":{"rendered":"http:\/\/fotobbreportajestienda.es\/?post_type=product&#038;p=4450"},"modified":"2024-02-02T11:03:19","modified_gmt":"2024-02-02T11:03:19","slug":"smash-cake-ampliado","status":"publish","type":"product","link":"https:\/\/fotobbreportajestienda.es\/?product=smash-cake-ampliado","title":{"rendered":"Smash Cake Sencillo+\u00c1lbum"},"content":{"rendered":"<p>La SMASH CAKE SENCILLO+\u00c1LBUM consiste en:<\/p>\n<ul>\n<li>Una sesi\u00f3n fotogr\u00e1fica en nuestro Estudio de Pozuelo de Alarc\u00f3n.<\/li>\n<li>La sesi\u00f3n incluye fotos del ni\u00f1o en el escenario de cumplea\u00f1os y fotos atemporales con los padres en diferentes combinaciones.<\/li>\n<li>\u00c1lbum digital en 20x20cm con 20 fotos elegidas por ti c\u00f3modamente desde casa.<\/li>\n<li>Las mismas\u00a020 fotos en digital<\/li>\n<\/ul>\n<p>Complementa tu compra con:<\/p>\n<ul>\n<li>alguno de los Acabados que ofrecemos:\u00a0<a href=\"http:\/\/fotobbreportajestienda.es\/?product_cat=acabados\">\u00c1lbumes, Cuadros, FotoRegalo, Recordatorios<\/a>\u2026.<\/li>\n<li>el Env\u00edo del Reportaje Acabado por\u00a0<a href=\"http:\/\/fotobbreportajestienda.es\/?product=envio-por-mensajero\">mensajero<\/a>\u00a0cuando est\u00e9 terminado,<\/li>\n<li><a href=\"http:\/\/fotobbreportajestienda.es\/?product=envio-paquete-regalo\">Env\u00edo de Paquete de Regalo<\/a>\u00a0con tarjeta regalo personalizada.<\/li>\n<\/ul>\n","protected":false},"excerpt":{"rendered":"<p>La SMASH CAKE SENCILLO+\u00c1LBUM consiste en: Una sesi\u00f3n fotogr\u00e1fica en nuestro Estudio de Pozuelo de Alarc\u00f3n. La sesi\u00f3n incluye fotos del ni\u00f1o en el escenario de cumplea\u00f1os y fotos atemporales con los padres en diferentes combinaciones. \u00c1lbum digital en 20x20cm con 20 fotos elegidas por ti c\u00f3modamente desde casa. Las mismas\u00a020 fotos en digital Complementa &hellip;<\/p>\n<p class=\"read-more\"> <a class=\"\" href=\"https:\/\/fotobbreportajestienda.es\/?product=smash-cake-ampliado\"> <span class=\"screen-reader-text\">Smash Cake Sencillo+\u00c1lbum<\/span> Leer m\u00e1s &raquo;<\/a><\/p>\n","protected":false},"featured_media":5137,"template":"","meta":{"site-sidebar-layout":"default","site-content-layout":"default","ast-global-header-display":"","ast-main-header-display":"","ast-hfb-above-header-display":"","ast-hfb-below-header-display":"","ast-hfb-mobile-header-display":"","site-post-title":"","ast-breadcrumbs-content":"","ast-featured-img":"","footer-sml-layout":"","theme-transparent-header-meta":"default","adv-header-id-meta":"","stick-header-meta":"","header-above-stick-meta":"","header-main-stick-meta":"","header-below-stick-meta":""},"product_cat":[26,33],"product_tag":[],"class_list":{"0":"post-4450","1":"product","2":"type-product","3":"status-publish","4":"has-post-thumbnail","6":"product_cat-bebes-y-familias","7":"product_cat-cumpleanos","8":"desktop-align-center","9":"tablet-align-center","10":"mobile-align-center","12":"first","13":"instock","14":"taxable","15":"shipping-taxable","16":"purchasable","17":"product-type-variable"},"_links":{"self":[{"href":"https:\/\/fotobbreportajestienda.es\/index.php?rest_route=\/wp\/v2\/product\/4450"}],"collection":[{"href":"https:\/\/fotobbreportajestienda.es\/index.php?rest_route=\/wp\/v2\/product"}],"about":[{"href":"https:\/\/fotobbreportajestienda.es\/index.php?rest_route=\/wp\/v2\/types\/product"}],"wp:featuredmedia":[{"embeddable":true,"href":"https:\/\/fotobbreportajestienda.es\/index.php?rest_route=\/wp\/v2\/media\/5137"}],"wp:attachment":[{"href":"https:\/\/fotobbreportajestienda.es\/index.php?rest_route=%2Fwp%2Fv2%2Fmedia&parent=4450"}],"wp:term":[{"taxonomy":"product_cat","embeddable":true,"href":"https:\/\/fotobbreportajestienda.es\/index.php?rest_route=%2Fwp%2Fv2%2Fproduct_cat&post=4450"},{"taxonomy":"product_tag","embeddable":true,"href":"https:\/\/fotobbreportajestienda.es\/index.php?rest_route=%2Fwp%2Fv2%2Fproduct_tag&post=4450"}],"curies":[{"name":"wp","href":"https:\/\/api.w.org\/{rel}","templated":true}]}}