{"id":4324,"date":"2020-05-06T11:55:49","date_gmt":"2020-05-06T11:55:49","guid":{"rendered":"http:\/\/fotobbreportajestienda.es\/?post_type=product&#038;p=4324"},"modified":"2022-02-01T14:18:01","modified_gmt":"2022-02-01T14:18:01","slug":"diptico-15x20","status":"publish","type":"product","link":"https:\/\/fotobbreportajestienda.es\/?product=diptico-15x20","title":{"rendered":"D\u00edptico 15&#215;20"},"content":{"rendered":"<p>Recordatorios de Bautizo, de Primera Comuni\u00f3n, Participaciones de Nacimiento&#8230;. elige las fotos y nosotros te adaptamos un dise\u00f1o para t\u00ed. Distintos modelos y tama\u00f1os disponibles<\/p>\n<p>Se puede imprimir por todas las caras. Cada cara mide 10&#215;15.<\/p>\n","protected":false},"excerpt":{"rendered":"<p>Recordatorios de Bautizo, de Primera Comuni\u00f3n, Participaciones de Nacimiento&#8230;. elige las fotos y nosotros te adaptamos un dise\u00f1o para t\u00ed. Distintos modelos y tama\u00f1os disponibles Se puede imprimir por todas las caras. Cada cara mide 10&#215;15.<\/p>\n","protected":false},"featured_media":4228,"template":"","meta":{"site-sidebar-layout":"default","site-content-layout":"default","ast-global-header-display":"","ast-main-header-display":"","ast-hfb-above-header-display":"","ast-hfb-below-header-display":"","ast-hfb-mobile-header-display":"","site-post-title":"","ast-breadcrumbs-content":"","ast-featured-img":"","footer-sml-layout":"","theme-transparent-header-meta":"default","adv-header-id-meta":"","stick-header-meta":"","header-above-stick-meta":"","header-main-stick-meta":"","header-below-stick-meta":""},"product_cat":[42,47],"product_tag":[],"class_list":{"0":"post-4324","1":"product","2":"type-product","3":"status-publish","4":"has-post-thumbnail","6":"product_cat-acabados","7":"product_cat-recordatorios","8":"desktop-align-center","9":"tablet-align-center","10":"mobile-align-center","12":"first","13":"instock","14":"taxable","15":"shipping-taxable","16":"purchasable","17":"product-type-simple"},"_links":{"self":[{"href":"https:\/\/fotobbreportajestienda.es\/index.php?rest_route=\/wp\/v2\/product\/4324"}],"collection":[{"href":"https:\/\/fotobbreportajestienda.es\/index.php?rest_route=\/wp\/v2\/product"}],"about":[{"href":"https:\/\/fotobbreportajestienda.es\/index.php?rest_route=\/wp\/v2\/types\/product"}],"wp:featuredmedia":[{"embeddable":true,"href":"https:\/\/fotobbreportajestienda.es\/index.php?rest_route=\/wp\/v2\/media\/4228"}],"wp:attachment":[{"href":"https:\/\/fotobbreportajestienda.es\/index.php?rest_route=%2Fwp%2Fv2%2Fmedia&parent=4324"}],"wp:term":[{"taxonomy":"product_cat","embeddable":true,"href":"https:\/\/fotobbreportajestienda.es\/index.php?rest_route=%2Fwp%2Fv2%2Fproduct_cat&post=4324"},{"taxonomy":"product_tag","embeddable":true,"href":"https:\/\/fotobbreportajestienda.es\/index.php?rest_route=%2Fwp%2Fv2%2Fproduct_tag&post=4324"}],"curies":[{"name":"wp","href":"https:\/\/api.w.org\/{rel}","templated":true}]}}