{"id":4176,"date":"2020-05-06T11:13:41","date_gmt":"2020-05-06T11:13:41","guid":{"rendered":"http:\/\/fotobbreportajestienda.es\/?post_type=product&#038;p=4176"},"modified":"2022-02-01T14:21:55","modified_gmt":"2022-02-01T14:21:55","slug":"estampa-10x15","status":"publish","type":"product","link":"https:\/\/fotobbreportajestienda.es\/?product=estampa-10x15","title":{"rendered":"Invitaci\u00f3n Simple 10&#215;15"},"content":{"rendered":"<p>Invitaci\u00f3n con formato tarjeta impresa por las 2 caras en tama\u00f1o 10\u00d715<\/p>\n<p>La letra se puede personalizar con la inicial del nombre, con puntos o rayas en 4 colores: rosa, verde azulado, gris y mostaza.<\/p>\n<p>La Invitaci\u00f3n incluye sobre Kraft o transparente a elegir.<\/p>\n","protected":false},"excerpt":{"rendered":"<p>Invitaci\u00f3n con formato tarjeta impresa por las 2 caras en tama\u00f1o 10\u00d715 La letra se puede personalizar con la inicial del nombre, con puntos o rayas en 4 colores: rosa, verde azulado, gris y mostaza. La Invitaci\u00f3n incluye sobre Kraft o transparente a elegir.<\/p>\n","protected":false},"featured_media":4224,"template":"","meta":{"site-sidebar-layout":"default","site-content-layout":"default","ast-global-header-display":"","ast-main-header-display":"","ast-hfb-above-header-display":"","ast-hfb-below-header-display":"","ast-hfb-mobile-header-display":"","site-post-title":"","ast-breadcrumbs-content":"","ast-featured-img":"","footer-sml-layout":"","theme-transparent-header-meta":"default","adv-header-id-meta":"","stick-header-meta":"","header-above-stick-meta":"","header-main-stick-meta":"","header-below-stick-meta":""},"product_cat":[42,47],"product_tag":[],"class_list":{"0":"post-4176","1":"product","2":"type-product","3":"status-publish","4":"has-post-thumbnail","6":"product_cat-acabados","7":"product_cat-recordatorios","8":"desktop-align-center","9":"tablet-align-center","10":"mobile-align-center","12":"first","13":"instock","14":"taxable","15":"shipping-taxable","16":"purchasable","17":"product-type-simple"},"_links":{"self":[{"href":"https:\/\/fotobbreportajestienda.es\/index.php?rest_route=\/wp\/v2\/product\/4176"}],"collection":[{"href":"https:\/\/fotobbreportajestienda.es\/index.php?rest_route=\/wp\/v2\/product"}],"about":[{"href":"https:\/\/fotobbreportajestienda.es\/index.php?rest_route=\/wp\/v2\/types\/product"}],"wp:featuredmedia":[{"embeddable":true,"href":"https:\/\/fotobbreportajestienda.es\/index.php?rest_route=\/wp\/v2\/media\/4224"}],"wp:attachment":[{"href":"https:\/\/fotobbreportajestienda.es\/index.php?rest_route=%2Fwp%2Fv2%2Fmedia&parent=4176"}],"wp:term":[{"taxonomy":"product_cat","embeddable":true,"href":"https:\/\/fotobbreportajestienda.es\/index.php?rest_route=%2Fwp%2Fv2%2Fproduct_cat&post=4176"},{"taxonomy":"product_tag","embeddable":true,"href":"https:\/\/fotobbreportajestienda.es\/index.php?rest_route=%2Fwp%2Fv2%2Fproduct_tag&post=4176"}],"curies":[{"name":"wp","href":"https:\/\/api.w.org\/{rel}","templated":true}]}}