{"id":4157,"date":"2020-05-06T11:06:36","date_gmt":"2020-05-06T11:06:36","guid":{"rendered":"http:\/\/fotobbreportajestienda.es\/?post_type=product&#038;p=4157"},"modified":"2020-05-06T11:10:06","modified_gmt":"2020-05-06T11:10:06","slug":"fotodecoracion-metacrilato","status":"publish","type":"product","link":"https:\/\/fotobbreportajestienda.es\/?product=fotodecoracion-metacrilato","title":{"rendered":"Fotodecoraci\u00f3n Metacrilato"},"content":{"rendered":"<p>Foto impresa sobre papel fotogr\u00e1fico de alta resoluci\u00f3n.<\/p>\n<p>Montada\u00a0en metacrilato de 4mm de grosor.\u00a0Unas barras de aluminio traseras lo hacen f\u00e1cil de colgar le dan el efecto aire una vez ubicado<\/p>\n<p>Ofrecemos a nuestros clientes m\u00faltiples opciones de Fotodecoraci\u00f3n para poder regalar o presumir en las paredes de casa. Desde 46\u20ac. M\u00faltiples y medidas.<\/p>\n","protected":false},"excerpt":{"rendered":"<p>Foto impresa sobre papel fotogr\u00e1fico de alta resoluci\u00f3n. Montada\u00a0en metacrilato de 4mm de grosor.\u00a0Unas barras de aluminio traseras lo hacen f\u00e1cil de colgar le dan el efecto aire una vez ubicado Ofrecemos a nuestros clientes m\u00faltiples opciones de Fotodecoraci\u00f3n para poder regalar o presumir en las paredes de casa. Desde 46\u20ac. M\u00faltiples y medidas.<\/p>\n","protected":false},"featured_media":4037,"template":"","meta":{"site-sidebar-layout":"default","site-content-layout":"default","ast-global-header-display":"","ast-main-header-display":"","ast-hfb-above-header-display":"","ast-hfb-below-header-display":"","ast-hfb-mobile-header-display":"","site-post-title":"","ast-breadcrumbs-content":"","ast-featured-img":"","footer-sml-layout":"","theme-transparent-header-meta":"default","adv-header-id-meta":"","stick-header-meta":"","header-above-stick-meta":"","header-main-stick-meta":"","header-below-stick-meta":""},"product_cat":[42,46],"product_tag":[],"class_list":{"0":"post-4157","1":"product","2":"type-product","3":"status-publish","4":"has-post-thumbnail","6":"product_cat-acabados","7":"product_cat-fotodecoracion","8":"desktop-align-center","9":"tablet-align-center","10":"mobile-align-center","12":"first","13":"instock","14":"taxable","15":"shipping-taxable","16":"purchasable","17":"product-type-variable"},"_links":{"self":[{"href":"https:\/\/fotobbreportajestienda.es\/index.php?rest_route=\/wp\/v2\/product\/4157"}],"collection":[{"href":"https:\/\/fotobbreportajestienda.es\/index.php?rest_route=\/wp\/v2\/product"}],"about":[{"href":"https:\/\/fotobbreportajestienda.es\/index.php?rest_route=\/wp\/v2\/types\/product"}],"wp:featuredmedia":[{"embeddable":true,"href":"https:\/\/fotobbreportajestienda.es\/index.php?rest_route=\/wp\/v2\/media\/4037"}],"wp:attachment":[{"href":"https:\/\/fotobbreportajestienda.es\/index.php?rest_route=%2Fwp%2Fv2%2Fmedia&parent=4157"}],"wp:term":[{"taxonomy":"product_cat","embeddable":true,"href":"https:\/\/fotobbreportajestienda.es\/index.php?rest_route=%2Fwp%2Fv2%2Fproduct_cat&post=4157"},{"taxonomy":"product_tag","embeddable":true,"href":"https:\/\/fotobbreportajestienda.es\/index.php?rest_route=%2Fwp%2Fv2%2Fproduct_tag&post=4157"}],"curies":[{"name":"wp","href":"https:\/\/api.w.org\/{rel}","templated":true}]}}