{"id":4080,"date":"2020-05-06T10:43:28","date_gmt":"2020-05-06T10:43:28","guid":{"rendered":"http:\/\/fotobbreportajestienda.es\/?post_type=product&#038;p=4080"},"modified":"2020-05-06T10:57:34","modified_gmt":"2020-05-06T10:57:34","slug":"fotodecoracion-lienzo","status":"publish","type":"product","link":"https:\/\/fotobbreportajestienda.es\/?product=fotodecoracion-lienzo","title":{"rendered":"Fotodecoraci\u00f3n Lienzo"},"content":{"rendered":"<p>Foto impresa sobre lienzo en alta resoluci\u00f3n y barnizada\u00a0para una mayor protecci\u00f3n del producto.<\/p>\n<p>Montada sobre\u00a0un bastidor de pino cl\u00e1sico de 3cm de grosor con tensores traseros.<\/p>\n<p>Ofrecemos a nuestros clientes m\u00faltiples opciones de Fotodecoraci\u00f3n para poder regalar o presumir en las paredes de casa. Desde 37\u20ac. M\u00faltiples y medidas.<\/p>\n","protected":false},"excerpt":{"rendered":"<p>Foto impresa sobre lienzo en alta resoluci\u00f3n y barnizada\u00a0para una mayor protecci\u00f3n del producto. Montada sobre\u00a0un bastidor de pino cl\u00e1sico de 3cm de grosor con tensores traseros. Ofrecemos a nuestros clientes m\u00faltiples opciones de Fotodecoraci\u00f3n para poder regalar o presumir en las paredes de casa. Desde 37\u20ac. M\u00faltiples y medidas.<\/p>\n","protected":false},"featured_media":4034,"template":"","meta":{"site-sidebar-layout":"default","site-content-layout":"default","ast-global-header-display":"","ast-main-header-display":"","ast-hfb-above-header-display":"","ast-hfb-below-header-display":"","ast-hfb-mobile-header-display":"","site-post-title":"","ast-breadcrumbs-content":"","ast-featured-img":"","footer-sml-layout":"","theme-transparent-header-meta":"default","adv-header-id-meta":"","stick-header-meta":"","header-above-stick-meta":"","header-main-stick-meta":"","header-below-stick-meta":""},"product_cat":[42,46],"product_tag":[],"class_list":{"0":"post-4080","1":"product","2":"type-product","3":"status-publish","4":"has-post-thumbnail","6":"product_cat-acabados","7":"product_cat-fotodecoracion","8":"desktop-align-center","9":"tablet-align-center","10":"mobile-align-center","12":"first","13":"instock","14":"taxable","15":"shipping-taxable","16":"purchasable","17":"product-type-variable"},"_links":{"self":[{"href":"https:\/\/fotobbreportajestienda.es\/index.php?rest_route=\/wp\/v2\/product\/4080"}],"collection":[{"href":"https:\/\/fotobbreportajestienda.es\/index.php?rest_route=\/wp\/v2\/product"}],"about":[{"href":"https:\/\/fotobbreportajestienda.es\/index.php?rest_route=\/wp\/v2\/types\/product"}],"wp:featuredmedia":[{"embeddable":true,"href":"https:\/\/fotobbreportajestienda.es\/index.php?rest_route=\/wp\/v2\/media\/4034"}],"wp:attachment":[{"href":"https:\/\/fotobbreportajestienda.es\/index.php?rest_route=%2Fwp%2Fv2%2Fmedia&parent=4080"}],"wp:term":[{"taxonomy":"product_cat","embeddable":true,"href":"https:\/\/fotobbreportajestienda.es\/index.php?rest_route=%2Fwp%2Fv2%2Fproduct_cat&post=4080"},{"taxonomy":"product_tag","embeddable":true,"href":"https:\/\/fotobbreportajestienda.es\/index.php?rest_route=%2Fwp%2Fv2%2Fproduct_tag&post=4080"}],"curies":[{"name":"wp","href":"https:\/\/api.w.org\/{rel}","templated":true}]}}