{"id":4015,"date":"2020-05-05T17:52:36","date_gmt":"2020-05-05T17:52:36","guid":{"rendered":"http:\/\/fotobbreportajestienda.es\/?post_type=product&#038;p=4015"},"modified":"2020-05-05T17:52:36","modified_gmt":"2020-05-05T17:52:36","slug":"retoque-fotografico","status":"publish","type":"product","link":"https:\/\/fotobbreportajestienda.es\/?product=retoque-fotografico","title":{"rendered":"Retoque fotogr\u00e1fico"},"content":{"rendered":"<p>No dudes en pedirnos Fotos Retocadas Adicionales. Derrochamos todo nuestro cari\u00f1o para que os pod\u00e1is ver m\u00e1s guapos y rejuvenecidos.<\/p>\n<p>El retoque fotogr\u00e1fico consiste, seg\u00fan las condiciones de la foto original, en una limpieza de manchas, granitos, pielecillas&#8230; suavizado de la piel y aclarado de ojeras. Adem\u00e1s se realiza una mejora digital de la iluminaci\u00f3n, contraste y color.<\/p>\n<p>El retoque no modifica sustancialmente la foto, se trata de unos ligeros cambios que embellecen el resultado final.<\/p>\n<p>Las Fotos Retocadas Extra incluyen la impresi\u00f3n en papel fotogr\u00e1fico profesional de alta calidad en tama\u00f1o 15&#215;20. Algunos de nuestros reportajes ya incluyen un n\u00famero de fotograf\u00edas retocadas, que en cualquier caso se puede ampliar.<\/p>\n","protected":false},"excerpt":{"rendered":"<p>No dudes en pedirnos Fotos Retocadas Adicionales. Derrochamos todo nuestro cari\u00f1o para que os pod\u00e1is ver m\u00e1s guapos y rejuvenecidos. El retoque fotogr\u00e1fico consiste, seg\u00fan las condiciones de la foto original, en una limpieza de manchas, granitos, pielecillas&#8230; suavizado de la piel y aclarado de ojeras. Adem\u00e1s se realiza una mejora digital de la iluminaci\u00f3n, &hellip;<\/p>\n<p class=\"read-more\"> <a class=\"\" href=\"https:\/\/fotobbreportajestienda.es\/?product=retoque-fotografico\"> <span class=\"screen-reader-text\">Retoque fotogr\u00e1fico<\/span> Leer m\u00e1s &raquo;<\/a><\/p>\n","protected":false},"featured_media":4016,"template":"","meta":{"site-sidebar-layout":"default","site-content-layout":"default","ast-global-header-display":"","ast-main-header-display":"","ast-hfb-above-header-display":"","ast-hfb-below-header-display":"","ast-hfb-mobile-header-display":"","site-post-title":"","ast-breadcrumbs-content":"","ast-featured-img":"","footer-sml-layout":"","theme-transparent-header-meta":"default","adv-header-id-meta":"","stick-header-meta":"","header-above-stick-meta":"","header-main-stick-meta":"","header-below-stick-meta":""},"product_cat":[42,45],"product_tag":[],"class_list":{"0":"post-4015","1":"product","2":"type-product","3":"status-publish","4":"has-post-thumbnail","6":"product_cat-acabados","7":"product_cat-copias-y-extras","8":"desktop-align-center","9":"tablet-align-center","10":"mobile-align-center","12":"first","13":"instock","14":"taxable","15":"shipping-taxable","16":"purchasable","17":"product-type-simple"},"_links":{"self":[{"href":"https:\/\/fotobbreportajestienda.es\/index.php?rest_route=\/wp\/v2\/product\/4015"}],"collection":[{"href":"https:\/\/fotobbreportajestienda.es\/index.php?rest_route=\/wp\/v2\/product"}],"about":[{"href":"https:\/\/fotobbreportajestienda.es\/index.php?rest_route=\/wp\/v2\/types\/product"}],"wp:featuredmedia":[{"embeddable":true,"href":"https:\/\/fotobbreportajestienda.es\/index.php?rest_route=\/wp\/v2\/media\/4016"}],"wp:attachment":[{"href":"https:\/\/fotobbreportajestienda.es\/index.php?rest_route=%2Fwp%2Fv2%2Fmedia&parent=4015"}],"wp:term":[{"taxonomy":"product_cat","embeddable":true,"href":"https:\/\/fotobbreportajestienda.es\/index.php?rest_route=%2Fwp%2Fv2%2Fproduct_cat&post=4015"},{"taxonomy":"product_tag","embeddable":true,"href":"https:\/\/fotobbreportajestienda.es\/index.php?rest_route=%2Fwp%2Fv2%2Fproduct_tag&post=4015"}],"curies":[{"name":"wp","href":"https:\/\/api.w.org\/{rel}","templated":true}]}}