{"id":3954,"date":"2020-05-05T14:48:30","date_gmt":"2020-05-05T14:48:30","guid":{"rendered":"http:\/\/fotobbreportajestienda.es\/?post_type=product&#038;p=3954"},"modified":"2024-02-01T11:05:28","modified_gmt":"2024-02-01T11:05:28","slug":"album-digital-pliego-extra","status":"publish","type":"product","link":"https:\/\/fotobbreportajestienda.es\/?product=album-digital-pliego-extra","title":{"rendered":"\u00c1lbum digital pliego extra"},"content":{"rendered":"<p>Un ALBUM DIGITAL Es la mejor opci\u00f3n para optimizar el resultado de tu sesi\u00f3n. Con tu selecci\u00f3n de 30 \u00f3 40 fotos podemos dise\u00f1ar un \u00e1lbum personalizado dando protagonismo a tus fotos favoritas pero sin perder detalles.<\/p>\n<p>Ampl\u00eda la capacidad de tu \u00e1lbum con pliegos extra. Los \u00e1lbumes incluyen 10 pliegos (20 p\u00e1ginas). Puedes incrementar la capacidad de dos en dos p\u00e1ginas (1 pliego).<\/p>\n","protected":false},"excerpt":{"rendered":"<p>Un ALBUM DIGITAL Es la mejor opci\u00f3n para optimizar el resultado de tu sesi\u00f3n. Con tu selecci\u00f3n de 30 \u00f3 40 fotos podemos dise\u00f1ar un \u00e1lbum personalizado dando protagonismo a tus fotos favoritas pero sin perder detalles. Ampl\u00eda la capacidad de tu \u00e1lbum con pliegos extra. Los \u00e1lbumes incluyen 10 pliegos (20 p\u00e1ginas). Puedes incrementar &hellip;<\/p>\n<p class=\"read-more\"> <a class=\"\" href=\"https:\/\/fotobbreportajestienda.es\/?product=album-digital-pliego-extra\"> <span class=\"screen-reader-text\">\u00c1lbum digital pliego extra<\/span> Leer m\u00e1s &raquo;<\/a><\/p>\n","protected":false},"featured_media":3936,"template":"","meta":{"site-sidebar-layout":"default","site-content-layout":"default","ast-global-header-display":"","ast-main-header-display":"","ast-hfb-above-header-display":"","ast-hfb-below-header-display":"","ast-hfb-mobile-header-display":"","site-post-title":"","ast-breadcrumbs-content":"","ast-featured-img":"","footer-sml-layout":"","theme-transparent-header-meta":"default","adv-header-id-meta":"","stick-header-meta":"","header-above-stick-meta":"","header-main-stick-meta":"","header-below-stick-meta":""},"product_cat":[42,44],"product_tag":[],"class_list":{"0":"post-3954","1":"product","2":"type-product","3":"status-publish","4":"has-post-thumbnail","6":"product_cat-acabados","7":"product_cat-album-digital","8":"desktop-align-center","9":"tablet-align-center","10":"mobile-align-center","12":"first","13":"instock","14":"taxable","15":"shipping-taxable","16":"purchasable","17":"product-type-simple"},"_links":{"self":[{"href":"https:\/\/fotobbreportajestienda.es\/index.php?rest_route=\/wp\/v2\/product\/3954"}],"collection":[{"href":"https:\/\/fotobbreportajestienda.es\/index.php?rest_route=\/wp\/v2\/product"}],"about":[{"href":"https:\/\/fotobbreportajestienda.es\/index.php?rest_route=\/wp\/v2\/types\/product"}],"wp:featuredmedia":[{"embeddable":true,"href":"https:\/\/fotobbreportajestienda.es\/index.php?rest_route=\/wp\/v2\/media\/3936"}],"wp:attachment":[{"href":"https:\/\/fotobbreportajestienda.es\/index.php?rest_route=%2Fwp%2Fv2%2Fmedia&parent=3954"}],"wp:term":[{"taxonomy":"product_cat","embeddable":true,"href":"https:\/\/fotobbreportajestienda.es\/index.php?rest_route=%2Fwp%2Fv2%2Fproduct_cat&post=3954"},{"taxonomy":"product_tag","embeddable":true,"href":"https:\/\/fotobbreportajestienda.es\/index.php?rest_route=%2Fwp%2Fv2%2Fproduct_tag&post=3954"}],"curies":[{"name":"wp","href":"https:\/\/api.w.org\/{rel}","templated":true}]}}