{"id":3940,"date":"2020-05-05T14:43:02","date_gmt":"2020-05-05T14:43:02","guid":{"rendered":"http:\/\/fotobbreportajestienda.es\/?post_type=product&#038;p=3940"},"modified":"2020-05-05T14:46:40","modified_gmt":"2020-05-05T14:46:40","slug":"album-digital-fotoportada","status":"publish","type":"product","link":"https:\/\/fotobbreportajestienda.es\/?product=album-digital-fotoportada","title":{"rendered":"\u00c1lbum digital Fotoportada"},"content":{"rendered":"<p>Un\u00a0<strong>ALBUM DIGITAL<\/strong>\u00a0Es la mejor opci\u00f3n para optimizar el resultado de tu sesi\u00f3n. Con tu selecci\u00f3n de 30\u00a0\u00f3 40 fotos podemos dise\u00f1ar un \u00e1lbum personalizado dando protagonismo a tus fotos favoritas pero sin perder detalles.<\/p>\n<p>En este\u00a0\u00c1lbum\u00a0podr\u00e1s personalizar toda la cobertura del \u00e1lbum ya que el \u00e1lbum se forra con un laminado fotogr\u00e1fico acolchado. Personaliza la portada, lomo y trasera.<\/p>\n<p>&nbsp;<\/p>\n","protected":false},"excerpt":{"rendered":"<p>Un\u00a0ALBUM DIGITAL\u00a0Es la mejor opci\u00f3n para optimizar el resultado de tu sesi\u00f3n. Con tu selecci\u00f3n de 30\u00a0\u00f3 40 fotos podemos dise\u00f1ar un \u00e1lbum personalizado dando protagonismo a tus fotos favoritas pero sin perder detalles. En este\u00a0\u00c1lbum\u00a0podr\u00e1s personalizar toda la cobertura del \u00e1lbum ya que el \u00e1lbum se forra con un laminado fotogr\u00e1fico acolchado. Personaliza la &hellip;<\/p>\n<p class=\"read-more\"> <a class=\"\" href=\"https:\/\/fotobbreportajestienda.es\/?product=album-digital-fotoportada\"> <span class=\"screen-reader-text\">\u00c1lbum digital Fotoportada<\/span> Leer m\u00e1s &raquo;<\/a><\/p>\n","protected":false},"featured_media":3945,"template":"","meta":{"site-sidebar-layout":"default","site-content-layout":"default","ast-global-header-display":"","ast-main-header-display":"","ast-hfb-above-header-display":"","ast-hfb-below-header-display":"","ast-hfb-mobile-header-display":"","site-post-title":"","ast-breadcrumbs-content":"","ast-featured-img":"","footer-sml-layout":"","theme-transparent-header-meta":"default","adv-header-id-meta":"","stick-header-meta":"","header-above-stick-meta":"","header-main-stick-meta":"","header-below-stick-meta":""},"product_cat":[42,44],"product_tag":[],"class_list":{"0":"post-3940","1":"product","2":"type-product","3":"status-publish","4":"has-post-thumbnail","6":"product_cat-acabados","7":"product_cat-album-digital","8":"desktop-align-center","9":"tablet-align-center","10":"mobile-align-center","12":"first","13":"instock","14":"taxable","15":"shipping-taxable","16":"purchasable","17":"product-type-variable"},"_links":{"self":[{"href":"https:\/\/fotobbreportajestienda.es\/index.php?rest_route=\/wp\/v2\/product\/3940"}],"collection":[{"href":"https:\/\/fotobbreportajestienda.es\/index.php?rest_route=\/wp\/v2\/product"}],"about":[{"href":"https:\/\/fotobbreportajestienda.es\/index.php?rest_route=\/wp\/v2\/types\/product"}],"wp:featuredmedia":[{"embeddable":true,"href":"https:\/\/fotobbreportajestienda.es\/index.php?rest_route=\/wp\/v2\/media\/3945"}],"wp:attachment":[{"href":"https:\/\/fotobbreportajestienda.es\/index.php?rest_route=%2Fwp%2Fv2%2Fmedia&parent=3940"}],"wp:term":[{"taxonomy":"product_cat","embeddable":true,"href":"https:\/\/fotobbreportajestienda.es\/index.php?rest_route=%2Fwp%2Fv2%2Fproduct_cat&post=3940"},{"taxonomy":"product_tag","embeddable":true,"href":"https:\/\/fotobbreportajestienda.es\/index.php?rest_route=%2Fwp%2Fv2%2Fproduct_tag&post=3940"}],"curies":[{"name":"wp","href":"https:\/\/api.w.org\/{rel}","templated":true}]}}