{"id":3933,"date":"2020-05-05T14:42:04","date_gmt":"2020-05-05T14:42:04","guid":{"rendered":"http:\/\/fotobbreportajestienda.es\/?post_type=product&#038;p=3933"},"modified":"2024-02-01T11:05:36","modified_gmt":"2024-02-01T11:05:36","slug":"album-digital-dossier","status":"publish","type":"product","link":"https:\/\/fotobbreportajestienda.es\/?product=album-digital-dossier","title":{"rendered":"\u00c1lbum Personalizado Grabado"},"content":{"rendered":"<p><span class=\"JsGRdQ\">Un \u00c1<strong>LBUM DIGITAL<\/strong> es la mejor manera de disfrutar tus fotos es toc\u00e1ndolas y palpando los recuerdos de un momento tan especial como es un nacimiento, un embarazo, una sesi\u00f3n de familia o la Primera Comuni\u00f3n de tu hij@! No queremos que tus fotos se queden en el olvido en un ordenador o en un m\u00f3vil. Por eso tenemos te proponemos diferentes opciones muy muy chulas para disfrutar de tu recuerdos, tanto t\u00fa como el protagonista y los abuelos, que ya sabemos que a ellos les gusta tenerlo en papel.<\/span><\/p>\n<p><span class=\"JsGRdQ\">El \u00c1lbum Digital Basic de la Colecci\u00f3n Ante tiene un tama\u00f1o 25&#215;25 con un precioso acabado en materiales ante y antelina. Es un \u00e1lbum delicado y elegante para disfrutar de tus recuerdos. Tres colores disponibles: rosa empolvado, gris humo y ocre amarillo, con los que forrar las tapas y el lomo. Se puede personalizar con el nombre, la fecha, la inicial o cambiando el texto.<\/span><\/p>\n","protected":false},"excerpt":{"rendered":"<p>Un \u00c1LBUM DIGITAL es la mejor manera de disfrutar tus fotos es toc\u00e1ndolas y palpando los recuerdos de un momento tan especial como es un nacimiento, un embarazo, una sesi\u00f3n de familia o la Primera Comuni\u00f3n de tu hij@! No queremos que tus fotos se queden en el olvido en un ordenador o en un &hellip;<\/p>\n<p class=\"read-more\"> <a class=\"\" href=\"https:\/\/fotobbreportajestienda.es\/?product=album-digital-dossier\"> <span class=\"screen-reader-text\">\u00c1lbum Personalizado Grabado<\/span> Leer m\u00e1s &raquo;<\/a><\/p>\n","protected":false},"featured_media":4774,"template":"","meta":{"site-sidebar-layout":"default","site-content-layout":"default","ast-global-header-display":"","ast-main-header-display":"","ast-hfb-above-header-display":"","ast-hfb-below-header-display":"","ast-hfb-mobile-header-display":"","site-post-title":"","ast-breadcrumbs-content":"","ast-featured-img":"","footer-sml-layout":"","theme-transparent-header-meta":"default","adv-header-id-meta":"","stick-header-meta":"","header-above-stick-meta":"","header-main-stick-meta":"","header-below-stick-meta":""},"product_cat":[42,44],"product_tag":[],"class_list":{"0":"post-3933","1":"product","2":"type-product","3":"status-publish","4":"has-post-thumbnail","6":"product_cat-acabados","7":"product_cat-album-digital","8":"desktop-align-center","9":"tablet-align-center","10":"mobile-align-center","12":"first","13":"instock","14":"taxable","15":"shipping-taxable","16":"purchasable","17":"product-type-simple"},"_links":{"self":[{"href":"https:\/\/fotobbreportajestienda.es\/index.php?rest_route=\/wp\/v2\/product\/3933"}],"collection":[{"href":"https:\/\/fotobbreportajestienda.es\/index.php?rest_route=\/wp\/v2\/product"}],"about":[{"href":"https:\/\/fotobbreportajestienda.es\/index.php?rest_route=\/wp\/v2\/types\/product"}],"wp:featuredmedia":[{"embeddable":true,"href":"https:\/\/fotobbreportajestienda.es\/index.php?rest_route=\/wp\/v2\/media\/4774"}],"wp:attachment":[{"href":"https:\/\/fotobbreportajestienda.es\/index.php?rest_route=%2Fwp%2Fv2%2Fmedia&parent=3933"}],"wp:term":[{"taxonomy":"product_cat","embeddable":true,"href":"https:\/\/fotobbreportajestienda.es\/index.php?rest_route=%2Fwp%2Fv2%2Fproduct_cat&post=3933"},{"taxonomy":"product_tag","embeddable":true,"href":"https:\/\/fotobbreportajestienda.es\/index.php?rest_route=%2Fwp%2Fv2%2Fproduct_tag&post=3933"}],"curies":[{"name":"wp","href":"https:\/\/api.w.org\/{rel}","templated":true}]}}