{"id":3768,"date":"2020-05-05T12:20:10","date_gmt":"2020-05-05T12:20:10","guid":{"rendered":"http:\/\/fotobbreportajestienda.es\/?post_type=product&#038;p=3768"},"modified":"2022-02-01T12:14:32","modified_gmt":"2022-02-01T12:14:32","slug":"album-digital-clasico","status":"publish","type":"product","link":"https:\/\/fotobbreportajestienda.es\/?product=album-digital-clasico","title":{"rendered":"\u00c1lbum digital basic"},"content":{"rendered":"<p>Un\u00a0<strong>ALBUM DIGITAL<\/strong>\u00a0Es la mejor opci\u00f3n para optimizar el resultado de tu sesi\u00f3n. Con tu selecci\u00f3n de 30\u00a0\u00f3 40 fotos podemos dise\u00f1ar un \u00e1lbum personalizado dando protagonismo a tus fotos favoritas pero sin perder detalles.<\/p>\n<p>El \u00e1lbum digital cl\u00e1sico se monta en una sola pieza y se forra con el material que t\u00fa elijas. Puedes elegir entre diferentes tama\u00f1os y siempre tenemos la opci\u00f3n de a\u00f1adir hojas para no tener que prescindir de nada (8\u20ac\/pliego).<\/p>\n<p>Tambi\u00e9n podr\u00e1s a\u00f1adir una Caja de Madera o Caja Marco.<\/p>\n<p>Una vez que nos mandas tu selecci\u00f3n, dise\u00f1amos tu \u00e1lbum y te mandamos nuestra propuesta. Con vuestro\u00a0ok, lo enviamos al laboratorio. Tiene un proceso de producci\u00f3n un poco m\u00e1s largo que el del \u00e1lbum tradicional -diez d\u00edas aproximadamente-, pero te merecer\u00e1 la pena!<\/p>\n","protected":false},"excerpt":{"rendered":"<p>Un\u00a0ALBUM DIGITAL\u00a0Es la mejor opci\u00f3n para optimizar el resultado de tu sesi\u00f3n. Con tu selecci\u00f3n de 30\u00a0\u00f3 40 fotos podemos dise\u00f1ar un \u00e1lbum personalizado dando protagonismo a tus fotos favoritas pero sin perder detalles. El \u00e1lbum digital cl\u00e1sico se monta en una sola pieza y se forra con el material que t\u00fa elijas. Puedes elegir &hellip;<\/p>\n<p class=\"read-more\"> <a class=\"\" href=\"https:\/\/fotobbreportajestienda.es\/?product=album-digital-clasico\"> <span class=\"screen-reader-text\">\u00c1lbum digital basic<\/span> Leer m\u00e1s &raquo;<\/a><\/p>\n","protected":false},"featured_media":3776,"template":"","meta":{"site-sidebar-layout":"default","site-content-layout":"default","ast-global-header-display":"","ast-main-header-display":"","ast-hfb-above-header-display":"","ast-hfb-below-header-display":"","ast-hfb-mobile-header-display":"","site-post-title":"","ast-breadcrumbs-content":"","ast-featured-img":"","footer-sml-layout":"","theme-transparent-header-meta":"default","adv-header-id-meta":"","stick-header-meta":"","header-above-stick-meta":"","header-main-stick-meta":"","header-below-stick-meta":""},"product_cat":[42,44],"product_tag":[],"class_list":{"0":"post-3768","1":"product","2":"type-product","3":"status-publish","4":"has-post-thumbnail","6":"product_cat-acabados","7":"product_cat-album-digital","8":"desktop-align-center","9":"tablet-align-center","10":"mobile-align-center","12":"first","13":"instock","14":"taxable","15":"shipping-taxable","16":"purchasable","17":"product-type-variable"},"_links":{"self":[{"href":"https:\/\/fotobbreportajestienda.es\/index.php?rest_route=\/wp\/v2\/product\/3768"}],"collection":[{"href":"https:\/\/fotobbreportajestienda.es\/index.php?rest_route=\/wp\/v2\/product"}],"about":[{"href":"https:\/\/fotobbreportajestienda.es\/index.php?rest_route=\/wp\/v2\/types\/product"}],"wp:featuredmedia":[{"embeddable":true,"href":"https:\/\/fotobbreportajestienda.es\/index.php?rest_route=\/wp\/v2\/media\/3776"}],"wp:attachment":[{"href":"https:\/\/fotobbreportajestienda.es\/index.php?rest_route=%2Fwp%2Fv2%2Fmedia&parent=3768"}],"wp:term":[{"taxonomy":"product_cat","embeddable":true,"href":"https:\/\/fotobbreportajestienda.es\/index.php?rest_route=%2Fwp%2Fv2%2Fproduct_cat&post=3768"},{"taxonomy":"product_tag","embeddable":true,"href":"https:\/\/fotobbreportajestienda.es\/index.php?rest_route=%2Fwp%2Fv2%2Fproduct_tag&post=3768"}],"curies":[{"name":"wp","href":"https:\/\/api.w.org\/{rel}","templated":true}]}}