{"id":3730,"date":"2020-05-05T11:20:58","date_gmt":"2020-05-05T11:20:58","guid":{"rendered":"http:\/\/fotobbreportajestienda.es\/?post_type=product&#038;p=3730"},"modified":"2021-01-22T10:02:50","modified_gmt":"2021-01-22T10:02:50","slug":"album-tradicional-fotoportada","status":"publish","type":"product","link":"https:\/\/fotobbreportajestienda.es\/?product=album-tradicional-fotoportada","title":{"rendered":"\u00c1lbum Tradicional Fotoportada"},"content":{"rendered":"<p>Un\u00a0<strong>\u00c1LBUM TRADICIONAL<\/strong> es una idea pr\u00e1ctica y bonita de conservar las fotos\u00a0que m\u00e1s te han gustado de la sesi\u00f3n. Elige un modelo, las fotos que quieres incluir y te entregaremos tu selecci\u00f3n colocada en sus hojas para que puedas verlas siempre que te apetezca.<\/p>\n<p>La mejor opci\u00f3n si te gusta disfrutar de las fotos cl\u00e1sicas pero quieres que la portada impacte personalizada con una foto.<\/p>\n<p>Guarda tus fotos favoritas que hayan resultado de tu sesi\u00f3n en un \u00e1lbum tradicional. Te entregaremos tu selecci\u00f3n colocada en sus hojas para que puedas verlas siempre que te apetezca.<\/p>\n<p>Elige el\u00a0este modelo\u00a0PORTADA PERSONALIZADA, la foto que quieres en la portada y\u00a0el n\u00famero de fotos que quieres colocar en \u00e9l.<\/p>\n","protected":false},"excerpt":{"rendered":"<p>Un\u00a0\u00c1LBUM TRADICIONAL es una idea pr\u00e1ctica y bonita de conservar las fotos\u00a0que m\u00e1s te han gustado de la sesi\u00f3n. Elige un modelo, las fotos que quieres incluir y te entregaremos tu selecci\u00f3n colocada en sus hojas para que puedas verlas siempre que te apetezca. La mejor opci\u00f3n si te gusta disfrutar de las fotos cl\u00e1sicas &hellip;<\/p>\n<p class=\"read-more\"> <a class=\"\" href=\"https:\/\/fotobbreportajestienda.es\/?product=album-tradicional-fotoportada\"> <span class=\"screen-reader-text\">\u00c1lbum Tradicional Fotoportada<\/span> Leer m\u00e1s &raquo;<\/a><\/p>\n","protected":false},"featured_media":3517,"template":"","meta":{"site-sidebar-layout":"default","site-content-layout":"default","ast-global-header-display":"","ast-main-header-display":"","ast-hfb-above-header-display":"","ast-hfb-below-header-display":"","ast-hfb-mobile-header-display":"","site-post-title":"","ast-breadcrumbs-content":"","ast-featured-img":"","footer-sml-layout":"","theme-transparent-header-meta":"default","adv-header-id-meta":"","stick-header-meta":"","header-above-stick-meta":"","header-main-stick-meta":"","header-below-stick-meta":""},"product_cat":[42,43],"product_tag":[],"class_list":{"0":"post-3730","1":"product","2":"type-product","3":"status-publish","4":"has-post-thumbnail","6":"product_cat-acabados","7":"product_cat-album-tradicional","8":"desktop-align-center","9":"tablet-align-center","10":"mobile-align-center","12":"first","13":"outofstock","14":"taxable","15":"shipping-taxable","16":"purchasable","17":"product-type-variable"},"_links":{"self":[{"href":"https:\/\/fotobbreportajestienda.es\/index.php?rest_route=\/wp\/v2\/product\/3730"}],"collection":[{"href":"https:\/\/fotobbreportajestienda.es\/index.php?rest_route=\/wp\/v2\/product"}],"about":[{"href":"https:\/\/fotobbreportajestienda.es\/index.php?rest_route=\/wp\/v2\/types\/product"}],"wp:featuredmedia":[{"embeddable":true,"href":"https:\/\/fotobbreportajestienda.es\/index.php?rest_route=\/wp\/v2\/media\/3517"}],"wp:attachment":[{"href":"https:\/\/fotobbreportajestienda.es\/index.php?rest_route=%2Fwp%2Fv2%2Fmedia&parent=3730"}],"wp:term":[{"taxonomy":"product_cat","embeddable":true,"href":"https:\/\/fotobbreportajestienda.es\/index.php?rest_route=%2Fwp%2Fv2%2Fproduct_cat&post=3730"},{"taxonomy":"product_tag","embeddable":true,"href":"https:\/\/fotobbreportajestienda.es\/index.php?rest_route=%2Fwp%2Fv2%2Fproduct_tag&post=3730"}],"curies":[{"name":"wp","href":"https:\/\/api.w.org\/{rel}","templated":true}]}}