{"id":3716,"date":"2020-05-05T11:14:57","date_gmt":"2020-05-05T11:14:57","guid":{"rendered":"http:\/\/fotobbreportajestienda.es\/?post_type=product&#038;p=3716"},"modified":"2020-05-05T11:15:26","modified_gmt":"2020-05-05T11:15:26","slug":"album-tradicional-con-mascara-rayas-rosas","status":"publish","type":"product","link":"https:\/\/fotobbreportajestienda.es\/?product=album-tradicional-con-mascara-rayas-rosas","title":{"rendered":"\u00c1lbum tradicional con m\u00e1scara-Rayas rosas"},"content":{"rendered":"<p>Un\u00a0<strong>\u00c1LBUM TRADICIONAL<\/strong> es una idea pr\u00e1ctica y bonita de conservar las fotos\u00a0que m\u00e1s te han gustado de la sesi\u00f3n. Elige un modelo, las fotos que quieres incluir y te entregaremos tu selecci\u00f3n colocada en sus hojas para que puedas verlas siempre que te apetezca.<\/p>\n<p>Elige el este modelo RAYAS ROSA y el n\u00famero de fotos que quieres colocar en \u00e9l. Tambi\u00e9n podr\u00e1s elegir la foto que utilizaremos en la portada y el texto (Nombre, fecha&#8230;)<\/p>\n","protected":false},"excerpt":{"rendered":"<p>Un\u00a0\u00c1LBUM TRADICIONAL es una idea pr\u00e1ctica y bonita de conservar las fotos\u00a0que m\u00e1s te han gustado de la sesi\u00f3n. Elige un modelo, las fotos que quieres incluir y te entregaremos tu selecci\u00f3n colocada en sus hojas para que puedas verlas siempre que te apetezca. Elige el este modelo RAYAS ROSA y el n\u00famero de fotos &hellip;<\/p>\n<p class=\"read-more\"> <a class=\"\" href=\"https:\/\/fotobbreportajestienda.es\/?product=album-tradicional-con-mascara-rayas-rosas\"> <span class=\"screen-reader-text\">\u00c1lbum tradicional con m\u00e1scara-Rayas rosas<\/span> Leer m\u00e1s &raquo;<\/a><\/p>\n","protected":false},"featured_media":3699,"template":"","meta":{"site-sidebar-layout":"default","site-content-layout":"default","ast-global-header-display":"","ast-main-header-display":"","ast-hfb-above-header-display":"","ast-hfb-below-header-display":"","ast-hfb-mobile-header-display":"","site-post-title":"","ast-breadcrumbs-content":"","ast-featured-img":"","footer-sml-layout":"","theme-transparent-header-meta":"default","adv-header-id-meta":"","stick-header-meta":"","header-above-stick-meta":"","header-main-stick-meta":"","header-below-stick-meta":""},"product_cat":[42,43],"product_tag":[],"class_list":{"0":"post-3716","1":"product","2":"type-product","3":"status-publish","4":"has-post-thumbnail","6":"product_cat-acabados","7":"product_cat-album-tradicional","8":"desktop-align-center","9":"tablet-align-center","10":"mobile-align-center","12":"first","13":"instock","14":"taxable","15":"shipping-taxable","16":"purchasable","17":"product-type-variable"},"_links":{"self":[{"href":"https:\/\/fotobbreportajestienda.es\/index.php?rest_route=\/wp\/v2\/product\/3716"}],"collection":[{"href":"https:\/\/fotobbreportajestienda.es\/index.php?rest_route=\/wp\/v2\/product"}],"about":[{"href":"https:\/\/fotobbreportajestienda.es\/index.php?rest_route=\/wp\/v2\/types\/product"}],"wp:featuredmedia":[{"embeddable":true,"href":"https:\/\/fotobbreportajestienda.es\/index.php?rest_route=\/wp\/v2\/media\/3699"}],"wp:attachment":[{"href":"https:\/\/fotobbreportajestienda.es\/index.php?rest_route=%2Fwp%2Fv2%2Fmedia&parent=3716"}],"wp:term":[{"taxonomy":"product_cat","embeddable":true,"href":"https:\/\/fotobbreportajestienda.es\/index.php?rest_route=%2Fwp%2Fv2%2Fproduct_cat&post=3716"},{"taxonomy":"product_tag","embeddable":true,"href":"https:\/\/fotobbreportajestienda.es\/index.php?rest_route=%2Fwp%2Fv2%2Fproduct_tag&post=3716"}],"curies":[{"name":"wp","href":"https:\/\/api.w.org\/{rel}","templated":true}]}}