{"id":3603,"date":"2020-05-05T10:47:55","date_gmt":"2020-05-05T10:47:55","guid":{"rendered":"http:\/\/fotobbreportajestienda.es\/?post_type=product&#038;p=3603"},"modified":"2020-05-05T10:49:26","modified_gmt":"2020-05-05T10:49:26","slug":"album-tradicional-forrado-azul-con-estrellas","status":"publish","type":"product","link":"https:\/\/fotobbreportajestienda.es\/?product=album-tradicional-forrado-azul-con-estrellas","title":{"rendered":"\u00c1lbum tradicional Forrado-Azul con estrellas"},"content":{"rendered":"<p>Un\u00a0<strong>\u00c1LBUM TRADICIONAL<\/strong> es una idea pr\u00e1ctica y bonita de conservar las fotos\u00a0que m\u00e1s te han gustado de la sesi\u00f3n. Elige un modelo, las fotos que quieres incluir y te entregaremos tu selecci\u00f3n colocada en sus hojas para que puedas verlas siempre que te apetezca.<\/p>\n<p>\u00a1La opci\u00f3n m\u00e1s vendida!<\/p>\n<p>Guarda tus fotos favoritas que hayan resultado de tu sesi\u00f3n en un \u00e1lbum tradicional. Te entregaremos tu selecci\u00f3n colocada en sus hojas para que puedas verlas siempre que te apetezca.<\/p>\n<p>Econ\u00f3mica y r\u00e1pida.<\/p>\n<p>Elige el este modelo AZUL CON ESTRELLAS\u00a0 y el n\u00famero de fotos que quieres colocar en \u00e9l.<\/p>\n","protected":false},"excerpt":{"rendered":"<p>Un\u00a0\u00c1LBUM TRADICIONAL es una idea pr\u00e1ctica y bonita de conservar las fotos\u00a0que m\u00e1s te han gustado de la sesi\u00f3n. Elige un modelo, las fotos que quieres incluir y te entregaremos tu selecci\u00f3n colocada en sus hojas para que puedas verlas siempre que te apetezca. \u00a1La opci\u00f3n m\u00e1s vendida! Guarda tus fotos favoritas que hayan resultado &hellip;<\/p>\n<p class=\"read-more\"> <a class=\"\" href=\"https:\/\/fotobbreportajestienda.es\/?product=album-tradicional-forrado-azul-con-estrellas\"> <span class=\"screen-reader-text\">\u00c1lbum tradicional Forrado-Azul con estrellas<\/span> Leer m\u00e1s &raquo;<\/a><\/p>\n","protected":false},"featured_media":3521,"template":"","meta":{"site-sidebar-layout":"default","site-content-layout":"default","ast-global-header-display":"","ast-main-header-display":"","ast-hfb-above-header-display":"","ast-hfb-below-header-display":"","ast-hfb-mobile-header-display":"","site-post-title":"","ast-breadcrumbs-content":"","ast-featured-img":"","footer-sml-layout":"","theme-transparent-header-meta":"default","adv-header-id-meta":"","stick-header-meta":"","header-above-stick-meta":"","header-main-stick-meta":"","header-below-stick-meta":""},"product_cat":[42,43],"product_tag":[],"class_list":{"0":"post-3603","1":"product","2":"type-product","3":"status-publish","4":"has-post-thumbnail","6":"product_cat-acabados","7":"product_cat-album-tradicional","8":"desktop-align-center","9":"tablet-align-center","10":"mobile-align-center","12":"first","13":"instock","14":"taxable","15":"shipping-taxable","16":"purchasable","17":"product-type-variable"},"_links":{"self":[{"href":"https:\/\/fotobbreportajestienda.es\/index.php?rest_route=\/wp\/v2\/product\/3603"}],"collection":[{"href":"https:\/\/fotobbreportajestienda.es\/index.php?rest_route=\/wp\/v2\/product"}],"about":[{"href":"https:\/\/fotobbreportajestienda.es\/index.php?rest_route=\/wp\/v2\/types\/product"}],"wp:featuredmedia":[{"embeddable":true,"href":"https:\/\/fotobbreportajestienda.es\/index.php?rest_route=\/wp\/v2\/media\/3521"}],"wp:attachment":[{"href":"https:\/\/fotobbreportajestienda.es\/index.php?rest_route=%2Fwp%2Fv2%2Fmedia&parent=3603"}],"wp:term":[{"taxonomy":"product_cat","embeddable":true,"href":"https:\/\/fotobbreportajestienda.es\/index.php?rest_route=%2Fwp%2Fv2%2Fproduct_cat&post=3603"},{"taxonomy":"product_tag","embeddable":true,"href":"https:\/\/fotobbreportajestienda.es\/index.php?rest_route=%2Fwp%2Fv2%2Fproduct_tag&post=3603"}],"curies":[{"name":"wp","href":"https:\/\/api.w.org\/{rel}","templated":true}]}}