{"id":3435,"date":"2020-05-04T15:12:05","date_gmt":"2020-05-04T15:12:05","guid":{"rendered":"http:\/\/fotobbreportajestienda.es\/?post_type=product&#038;p=3435"},"modified":"2021-12-23T07:45:22","modified_gmt":"2021-12-23T07:45:22","slug":"reportaje-fotos-de-perfil-profesional","status":"publish","type":"product","link":"https:\/\/fotobbreportajestienda.es\/?product=reportaje-fotos-de-perfil-profesional","title":{"rendered":"Reportaje Fotos de Perfil Profesional"},"content":{"rendered":"<p>El reportaje de PERFIL PROFESIONAL consiste en:<\/p>\n<ul>\n<li>Una sesi\u00f3n fotogr\u00e1fica de\u00a015 minutos de duraci\u00f3n en nuestro Estudio de Pozuelo de Alarc\u00f3n.<\/li>\n<li>Incluye 1 foto retocada, elegida por el cliente.<\/li>\n<li>Galer\u00eda con todos las im\u00e1genes resultantes para visualizar y descargar en Alta Resoluci\u00f3n (20 fotos).<\/li>\n<\/ul>\n<p>Una vez realizada la compra nos pondremos en contacto con vosotros para organizar la sesi\u00f3n. Si es un regalo podr\u00e1s pedirnos una tarjeta imprimible o por email. Te enviaremos un email solicitando los detalles cuando nos llegue la notificaci\u00f3n de la compra terminada.<\/p>\n","protected":false},"excerpt":{"rendered":"<p>El reportaje de PERFIL PROFESIONAL consiste en: Una sesi\u00f3n fotogr\u00e1fica de\u00a015 minutos de duraci\u00f3n en nuestro Estudio de Pozuelo de Alarc\u00f3n. Incluye 1 foto retocada, elegida por el cliente. Galer\u00eda con todos las im\u00e1genes resultantes para visualizar y descargar en Alta Resoluci\u00f3n (20 fotos). Una vez realizada la compra nos pondremos en contacto con vosotros &hellip;<\/p>\n<p class=\"read-more\"> <a class=\"\" href=\"https:\/\/fotobbreportajestienda.es\/?product=reportaje-fotos-de-perfil-profesional\"> <span class=\"screen-reader-text\">Reportaje Fotos de Perfil Profesional<\/span> Leer m\u00e1s &raquo;<\/a><\/p>\n","protected":false},"featured_media":3438,"template":"","meta":{"site-sidebar-layout":"default","site-content-layout":"default","ast-global-header-display":"","ast-main-header-display":"","ast-hfb-above-header-display":"","ast-hfb-below-header-display":"","ast-hfb-mobile-header-display":"","site-post-title":"","ast-breadcrumbs-content":"","ast-featured-img":"","footer-sml-layout":"","theme-transparent-header-meta":"default","adv-header-id-meta":"","stick-header-meta":"","header-above-stick-meta":"","header-main-stick-meta":"","header-below-stick-meta":""},"product_cat":[32,31],"product_tag":[],"class_list":{"0":"post-3435","1":"product","2":"type-product","3":"status-publish","4":"has-post-thumbnail","6":"product_cat-empresa","7":"product_cat-perfil-profesional","8":"desktop-align-center","9":"tablet-align-center","10":"mobile-align-center","12":"first","13":"outofstock","14":"taxable","15":"shipping-taxable","16":"purchasable","17":"product-type-simple"},"_links":{"self":[{"href":"https:\/\/fotobbreportajestienda.es\/index.php?rest_route=\/wp\/v2\/product\/3435"}],"collection":[{"href":"https:\/\/fotobbreportajestienda.es\/index.php?rest_route=\/wp\/v2\/product"}],"about":[{"href":"https:\/\/fotobbreportajestienda.es\/index.php?rest_route=\/wp\/v2\/types\/product"}],"wp:featuredmedia":[{"embeddable":true,"href":"https:\/\/fotobbreportajestienda.es\/index.php?rest_route=\/wp\/v2\/media\/3438"}],"wp:attachment":[{"href":"https:\/\/fotobbreportajestienda.es\/index.php?rest_route=%2Fwp%2Fv2%2Fmedia&parent=3435"}],"wp:term":[{"taxonomy":"product_cat","embeddable":true,"href":"https:\/\/fotobbreportajestienda.es\/index.php?rest_route=%2Fwp%2Fv2%2Fproduct_cat&post=3435"},{"taxonomy":"product_tag","embeddable":true,"href":"https:\/\/fotobbreportajestienda.es\/index.php?rest_route=%2Fwp%2Fv2%2Fproduct_tag&post=3435"}],"curies":[{"name":"wp","href":"https:\/\/api.w.org\/{rel}","templated":true}]}}