{"id":3406,"date":"2020-05-04T13:06:11","date_gmt":"2020-05-04T13:06:11","guid":{"rendered":"http:\/\/fotobbreportajestienda.es\/?post_type=product&#038;p=3406"},"modified":"2024-08-30T10:26:36","modified_gmt":"2024-08-30T10:26:36","slug":"bautizo-reportaje-casaceremonia","status":"publish","type":"product","link":"https:\/\/fotobbreportajestienda.es\/?product=bautizo-reportaje-casaceremonia","title":{"rendered":"Bautizo: Reportaje Casa+Ceremonia"},"content":{"rendered":"<p>El Reportaje\u00a0de\u00a0CASA + CEREMONIA\u00a0consiste en:<\/p>\n<ul>\n<li>Una sesi\u00f3n fotogr\u00e1fica de 30 min. max. en casa.<\/li>\n<li>Una sesi\u00f3n fotogr\u00e1fica de\u00a060 minutos de duraci\u00f3n en la Iglesia (fotos de la llegada a la Iglesia, la ceremonia y fotos de grupo a la salida).<\/li>\n<li>Galer\u00eda con todos las im\u00e1genes resultantes para visualizar y descargar en Alta Resoluci\u00f3n (120 fotos).<\/li>\n<li>15 Fotograf\u00edas en ampliaciones 15&#215;20 impresas en papel fotogr\u00e1fico de calidad profesional. Las 15 fotograf\u00edas son seleccionadas por los padres.<\/li>\n<\/ul>\n<p>Una vez realizada la compra nos pondremos en contacto con vosotros para organizar la sesi\u00f3n. Si es un regalo podr\u00e1s pedirnos una tarjeta imprimible o por email. Te enviaremos un email solicitando los detalles cuando nos llegue la notificaci\u00f3n de la compra terminada.<\/p>\n<p>Complementa tu compra con:<\/p>\n<ul>\n<li>alguno de los Acabados que ofrecemos:\u00a0<a href=\"http:\/\/fotobbreportajestienda.es\/?product_cat=acabados\">\u00c1lbumes, Cuadros, FotoRegalo, Recordatorios<\/a>\u2026.<\/li>\n<li>el Env\u00edo del Reportaje Acabado por\u00a0<a href=\"http:\/\/fotobbreportajestienda.es\/?product=envio-por-mensajero\">mensajero<\/a>\u00a0cuando est\u00e9 terminado,<\/li>\n<li><a href=\"http:\/\/fotobbreportajestienda.es\/?product=envio-paquete-regalo\">Env\u00edo de Paquete de Regalo<\/a>\u00a0con tarjeta regalo personalizada.<\/li>\n<\/ul>\n","protected":false},"excerpt":{"rendered":"<p>El Reportaje\u00a0de\u00a0CASA + CEREMONIA\u00a0consiste en: Una sesi\u00f3n fotogr\u00e1fica de 30 min. max. en casa. Una sesi\u00f3n fotogr\u00e1fica de\u00a060 minutos de duraci\u00f3n en la Iglesia (fotos de la llegada a la Iglesia, la ceremonia y fotos de grupo a la salida). Galer\u00eda con todos las im\u00e1genes resultantes para visualizar y descargar en Alta Resoluci\u00f3n (120 fotos). &hellip;<\/p>\n<p class=\"read-more\"> <a class=\"\" href=\"https:\/\/fotobbreportajestienda.es\/?product=bautizo-reportaje-casaceremonia\"> <span class=\"screen-reader-text\">Bautizo: Reportaje Casa+Ceremonia<\/span> Leer m\u00e1s &raquo;<\/a><\/p>\n","protected":false},"featured_media":3379,"template":"","meta":{"site-sidebar-layout":"default","site-content-layout":"default","ast-global-header-display":"","ast-main-header-display":"","ast-hfb-above-header-display":"","ast-hfb-below-header-display":"","ast-hfb-mobile-header-display":"","site-post-title":"","ast-breadcrumbs-content":"","ast-featured-img":"","footer-sml-layout":"","theme-transparent-header-meta":"default","adv-header-id-meta":"","stick-header-meta":"","header-above-stick-meta":"","header-main-stick-meta":"","header-below-stick-meta":""},"product_cat":[29,30],"product_tag":[],"class_list":{"0":"post-3406","1":"product","2":"type-product","3":"status-publish","4":"has-post-thumbnail","6":"product_cat-bautizo","7":"product_cat-celebraciones-y-eventos","8":"desktop-align-center","9":"tablet-align-center","10":"mobile-align-center","12":"first","13":"instock","14":"taxable","15":"shipping-taxable","16":"purchasable","17":"product-type-simple"},"_links":{"self":[{"href":"https:\/\/fotobbreportajestienda.es\/index.php?rest_route=\/wp\/v2\/product\/3406"}],"collection":[{"href":"https:\/\/fotobbreportajestienda.es\/index.php?rest_route=\/wp\/v2\/product"}],"about":[{"href":"https:\/\/fotobbreportajestienda.es\/index.php?rest_route=\/wp\/v2\/types\/product"}],"wp:featuredmedia":[{"embeddable":true,"href":"https:\/\/fotobbreportajestienda.es\/index.php?rest_route=\/wp\/v2\/media\/3379"}],"wp:attachment":[{"href":"https:\/\/fotobbreportajestienda.es\/index.php?rest_route=%2Fwp%2Fv2%2Fmedia&parent=3406"}],"wp:term":[{"taxonomy":"product_cat","embeddable":true,"href":"https:\/\/fotobbreportajestienda.es\/index.php?rest_route=%2Fwp%2Fv2%2Fproduct_cat&post=3406"},{"taxonomy":"product_tag","embeddable":true,"href":"https:\/\/fotobbreportajestienda.es\/index.php?rest_route=%2Fwp%2Fv2%2Fproduct_tag&post=3406"}],"curies":[{"name":"wp","href":"https:\/\/api.w.org\/{rel}","templated":true}]}}