{"id":3204,"date":"2020-04-30T17:11:26","date_gmt":"2020-04-30T17:11:26","guid":{"rendered":"http:\/\/fotobbreportajestienda.es\/?post_type=product&#038;p=3204"},"modified":"2024-04-08T13:02:21","modified_gmt":"2024-04-08T13:02:21","slug":"reportaje-premama-completo","status":"publish","type":"product","link":"https:\/\/fotobbreportajestienda.es\/?product=reportaje-premama-completo","title":{"rendered":"Reportaje Premam\u00e1 Ampliado+\u00c1lbum"},"content":{"rendered":"<p>El Reportaje\u00a0COMPLETO consiste en:<\/p>\n<ul>\n<li style=\"list-style-type: none;\">\n<ul>\n<li>Una sesi\u00f3n fotogr\u00e1fica de\u00a02 horas de duraci\u00f3n en nuestro Estudio de Pozuelo de Alarc\u00f3n<\/li>\n<li>La sesi\u00f3n incluye Fotos de\u00a0la \u00abBarriga\u00bb y Fotos de Familia. Se pueden hacer varios cambios de ropa, cambios de fondo y uso de Atrezzo seg\u00fan las preferencias de los padres.<\/li>\n<li>Galer\u00eda con todos las im\u00e1genes resultantes para visualizar y descargar en Alta Resoluci\u00f3n (100-150 fotos).<\/li>\n<li>12 Fotos Retocadas y en ampliaciones 15&#215;20 en papel fotogr\u00e1fico de calidad profesional. Las\u00a012 fotograf\u00edas son seleccionadas por los padres.<\/li>\n<\/ul>\n<\/li>\n<\/ul>\n<p>Una vez realizada la compra nos pondremos en contacto con vosotros para organizar la sesi\u00f3n. Si es un regalo podr\u00e1s pedirnos una tarjeta imprimible o por email. Te enviaremos un email solicitando los detalles cuando nos llegue la notificaci\u00f3n de la compra terminada.<\/p>\n<p>Complementa tu compra con:<\/p>\n<ul>\n<li>alguno de los Acabados que ofrecemos:\u00a0<a href=\"http:\/\/fotobbreportajestienda.es\/?product_cat=acabados\">\u00c1lbumes, Cuadros, FotoRegalo, Recordatorios<\/a>\u2026.<\/li>\n<li>el Env\u00edo del Reportaje Acabado por\u00a0<a href=\"http:\/\/fotobbreportajestienda.es\/?product=envio-por-mensajero\">mensajero<\/a>\u00a0cuando est\u00e9 terminado,<\/li>\n<li><a href=\"http:\/\/fotobbreportajestienda.es\/?product=envio-paquete-regalo\">Env\u00edo de Paquete de Regalo<\/a>\u00a0con tarjeta regalo personalizada.<\/li>\n<\/ul>\n","protected":false},"excerpt":{"rendered":"<p>El Reportaje\u00a0COMPLETO consiste en: Una sesi\u00f3n fotogr\u00e1fica de\u00a02 horas de duraci\u00f3n en nuestro Estudio de Pozuelo de Alarc\u00f3n La sesi\u00f3n incluye Fotos de\u00a0la \u00abBarriga\u00bb y Fotos de Familia. Se pueden hacer varios cambios de ropa, cambios de fondo y uso de Atrezzo seg\u00fan las preferencias de los padres. Galer\u00eda con todos las im\u00e1genes resultantes para &hellip;<\/p>\n<p class=\"read-more\"> <a class=\"\" href=\"https:\/\/fotobbreportajestienda.es\/?product=reportaje-premama-completo\"> <span class=\"screen-reader-text\">Reportaje Premam\u00e1 Ampliado+\u00c1lbum<\/span> Leer m\u00e1s &raquo;<\/a><\/p>\n","protected":false},"featured_media":3221,"template":"","meta":{"site-sidebar-layout":"default","site-content-layout":"default","ast-global-header-display":"","ast-main-header-display":"","ast-hfb-above-header-display":"","ast-hfb-below-header-display":"","ast-hfb-mobile-header-display":"","site-post-title":"","ast-breadcrumbs-content":"","ast-featured-img":"","footer-sml-layout":"","theme-transparent-header-meta":"default","adv-header-id-meta":"","stick-header-meta":"","header-above-stick-meta":"","header-main-stick-meta":"","header-below-stick-meta":""},"product_cat":[27],"product_tag":[],"class_list":{"0":"post-3204","1":"product","2":"type-product","3":"status-publish","4":"has-post-thumbnail","6":"product_cat-premama","7":"desktop-align-center","8":"tablet-align-center","9":"mobile-align-center","11":"first","12":"instock","13":"taxable","14":"shipping-taxable","15":"purchasable","16":"product-type-variable"},"_links":{"self":[{"href":"https:\/\/fotobbreportajestienda.es\/index.php?rest_route=\/wp\/v2\/product\/3204"}],"collection":[{"href":"https:\/\/fotobbreportajestienda.es\/index.php?rest_route=\/wp\/v2\/product"}],"about":[{"href":"https:\/\/fotobbreportajestienda.es\/index.php?rest_route=\/wp\/v2\/types\/product"}],"wp:featuredmedia":[{"embeddable":true,"href":"https:\/\/fotobbreportajestienda.es\/index.php?rest_route=\/wp\/v2\/media\/3221"}],"wp:attachment":[{"href":"https:\/\/fotobbreportajestienda.es\/index.php?rest_route=%2Fwp%2Fv2%2Fmedia&parent=3204"}],"wp:term":[{"taxonomy":"product_cat","embeddable":true,"href":"https:\/\/fotobbreportajestienda.es\/index.php?rest_route=%2Fwp%2Fv2%2Fproduct_cat&post=3204"},{"taxonomy":"product_tag","embeddable":true,"href":"https:\/\/fotobbreportajestienda.es\/index.php?rest_route=%2Fwp%2Fv2%2Fproduct_tag&post=3204"}],"curies":[{"name":"wp","href":"https:\/\/api.w.org\/{rel}","templated":true}]}}