{"id":3100,"date":"2020-04-30T15:59:54","date_gmt":"2020-04-30T15:59:54","guid":{"rendered":"http:\/\/fotobbreportajestienda.es\/?post_type=product&#038;p=3100"},"modified":"2025-07-02T17:15:28","modified_gmt":"2025-07-02T17:15:28","slug":"reportaje-fotografico-de-recien-nacido-completo","status":"publish","type":"product","link":"https:\/\/fotobbreportajestienda.es\/?product=reportaje-fotografico-de-recien-nacido-completo","title":{"rendered":"Reportaje de Reci\u00e9n Nacido Completo"},"content":{"rendered":"<p>El\u00a0Reportaje\u00a0COMPLETO consiste en<\/p>\n<ul>\n<li style=\"list-style-type: none;\">\n<ul>\n<li>Una sesi\u00f3n fotogr\u00e1fica en nuestro Estudio de Pozuelo de Alarc\u00f3n.<\/li>\n<li>La sesi\u00f3n incluye Retratos de Familia, Fotos del Beb\u00e9 en diferentes Posturitas y\u00a0<strong>1<\/strong><strong>\u00a0escenograf\u00edas\u00a0a elegir<\/strong>\u00a0para el beb\u00e9 durante la sesi\u00f3n.<\/li>\n<li>20 fotos retocadas en digital elegidas por ti c\u00f3modamente desde casa<\/li>\n<li><span style=\"font-size: 16px;\">Precioso \u00e1lbum personalizado y maquetado con esas 20 fotos<\/span><\/li>\n<li>Env\u00edo a casa de las fotos<\/li>\n<\/ul>\n<\/li>\n<\/ul>\n<p>&nbsp;<\/p>\n<section class=\"elementor-section elementor-inner-section elementor-element elementor-element-2339fa4a elementor-section-boxed elementor-section-height-default elementor-section-height-default\" data-id=\"2339fa4a\" data-element_type=\"section\">\n<div class=\"elementor-container elementor-column-gap-no\">\n<div class=\"elementor-column elementor-col-100 elementor-inner-column elementor-element elementor-element-26303922\" data-id=\"26303922\" data-element_type=\"column\">\n<div class=\"elementor-widget-wrap elementor-element-populated\">\n<div class=\"elementor-element elementor-element-7a004255 elementor-widget elementor-widget-aheto_heading\" data-id=\"7a004255\" data-element_type=\"widget\" data-widget_type=\"aheto_heading.default\">\n<div class=\"elementor-widget-container\">\n<div class=\"aheto-heading aheto-heading--main  align-tablet-default align-mob-default aheto_heading_686568ba0beba \"><\/div>\n<\/div>\n<\/div>\n<\/div>\n<\/div>\n<\/div>\n<\/section>\n<section class=\"elementor-section elementor-inner-section elementor-element elementor-element-85d8486 elementor-section-boxed elementor-section-height-default elementor-section-height-default\" data-id=\"85d8486\" data-element_type=\"section\">\n<div class=\"elementor-container elementor-column-gap-no\">\n<div class=\"elementor-column elementor-col-100 elementor-inner-column elementor-element elementor-element-3315097\" data-id=\"3315097\" data-element_type=\"column\">\n<div class=\"elementor-widget-wrap elementor-element-populated\">\n<div class=\"elementor-element elementor-element-0fc9037 elementor-widget elementor-widget-aheto_heading\" data-id=\"0fc9037\" data-element_type=\"widget\" data-widget_type=\"aheto_heading.default\">\n<div class=\"elementor-widget-container\">\n<div class=\"aheto-heading aheto-heading--main  align-tablet-default align-mob-default aheto_heading_686568ba0e5c5 \"><\/div>\n<\/div>\n<\/div>\n<\/div>\n<\/div>\n<\/div>\n<\/section>\n<ul>\n<li style=\"list-style-type: none;\"><\/li>\n<\/ul>\n<p>Una vez realizada la compra nos pondremos en contacto con vosotros para organizar la sesi\u00f3n. Si es un regalo podr\u00e1s pedirnos una tarjeta imprimible o por email. Te pediremos todos los detalles al finalizar la compra.<\/p>\n<p>Complementa tu compra con:<\/p>\n<ul>\n<li>alguno de los Acabados que ofrecemos:\u00a0<a href=\"http:\/\/fotobbreportajestienda.es\/?product_cat=acabados\">\u00c1lbumes, Cuadros, FotoRegalo, Recordatorios<\/a>\u2026.<\/li>\n<li>el Env\u00edo del Reportaje Acabado por\u00a0<a href=\"http:\/\/fotobbreportajestienda.es\/?product=envio-por-mensajero\">mensajero<\/a>\u00a0cuando est\u00e9 terminado,<\/li>\n<li><a href=\"http:\/\/fotobbreportajestienda.es\/?product=envio-paquete-regalo\">Env\u00edo de Paquete de Regalo<\/a>\u00a0con tarjeta regalo personalizada.<\/li>\n<\/ul>\n","protected":false},"excerpt":{"rendered":"<p>El\u00a0Reportaje\u00a0COMPLETO consiste en Una sesi\u00f3n fotogr\u00e1fica en nuestro Estudio de Pozuelo de Alarc\u00f3n. La sesi\u00f3n incluye Retratos de Familia, Fotos del Beb\u00e9 en diferentes Posturitas y\u00a01\u00a0escenograf\u00edas\u00a0a elegir\u00a0para el beb\u00e9 durante la sesi\u00f3n. 20 fotos retocadas en digital elegidas por ti c\u00f3modamente desde casa Precioso \u00e1lbum personalizado y maquetado con esas 20 fotos Env\u00edo a casa &hellip;<\/p>\n<p class=\"read-more\"> <a class=\"\" href=\"https:\/\/fotobbreportajestienda.es\/?product=reportaje-fotografico-de-recien-nacido-completo\"> <span class=\"screen-reader-text\">Reportaje de Reci\u00e9n Nacido Completo<\/span> Leer m\u00e1s &raquo;<\/a><\/p>\n","protected":false},"featured_media":3122,"template":"","meta":{"site-sidebar-layout":"default","site-content-layout":"default","ast-global-header-display":"","ast-main-header-display":"","ast-hfb-above-header-display":"","ast-hfb-below-header-display":"","ast-hfb-mobile-header-display":"","site-post-title":"","ast-breadcrumbs-content":"","ast-featured-img":"","footer-sml-layout":"","theme-transparent-header-meta":"default","adv-header-id-meta":"","stick-header-meta":"","header-above-stick-meta":"","header-main-stick-meta":"","header-below-stick-meta":""},"product_cat":[25],"product_tag":[],"class_list":{"0":"post-3100","1":"product","2":"type-product","3":"status-publish","4":"has-post-thumbnail","6":"product_cat-recien-nacidos","7":"desktop-align-center","8":"tablet-align-center","9":"mobile-align-center","11":"first","12":"instock","13":"taxable","14":"shipping-taxable","15":"purchasable","16":"product-type-simple"},"_links":{"self":[{"href":"https:\/\/fotobbreportajestienda.es\/index.php?rest_route=\/wp\/v2\/product\/3100"}],"collection":[{"href":"https:\/\/fotobbreportajestienda.es\/index.php?rest_route=\/wp\/v2\/product"}],"about":[{"href":"https:\/\/fotobbreportajestienda.es\/index.php?rest_route=\/wp\/v2\/types\/product"}],"wp:featuredmedia":[{"embeddable":true,"href":"https:\/\/fotobbreportajestienda.es\/index.php?rest_route=\/wp\/v2\/media\/3122"}],"wp:attachment":[{"href":"https:\/\/fotobbreportajestienda.es\/index.php?rest_route=%2Fwp%2Fv2%2Fmedia&parent=3100"}],"wp:term":[{"taxonomy":"product_cat","embeddable":true,"href":"https:\/\/fotobbreportajestienda.es\/index.php?rest_route=%2Fwp%2Fv2%2Fproduct_cat&post=3100"},{"taxonomy":"product_tag","embeddable":true,"href":"https:\/\/fotobbreportajestienda.es\/index.php?rest_route=%2Fwp%2Fv2%2Fproduct_tag&post=3100"}],"curies":[{"name":"wp","href":"https:\/\/api.w.org\/{rel}","templated":true}]}}