{"id":3098,"date":"2020-04-30T14:38:32","date_gmt":"2020-04-30T14:38:32","guid":{"rendered":"http:\/\/fotobbreportajestienda.es\/?post_type=product&#038;p=3098"},"modified":"2025-07-02T17:17:05","modified_gmt":"2025-07-02T17:17:05","slug":"reportaje-fotografico-de-recien-nacido-ampliado","status":"publish","type":"product","link":"https:\/\/fotobbreportajestienda.es\/?product=reportaje-fotografico-de-recien-nacido-ampliado","title":{"rendered":"Reportaje de Reci\u00e9n Nacido Ampliado"},"content":{"rendered":"<p>Un Reportaje\u00a0AMPLIADO consiste en:<\/p>\n<ul>\n<li>Una sesi\u00f3n fotogr\u00e1fica en nuestro Estudio de Pozuelo de Alarc\u00f3n.<\/li>\n<li>La sesi\u00f3n incluye Retratos de Familia, Fotos del Beb\u00e9 en diferentes Posturitas\u00a0<strong>y 1\u00a0escenograf\u00eda\u00a0a elegir<\/strong>\u00a0para el beb\u00e9 durante la sesi\u00f3n.<\/li>\n<li>10 Fotograf\u00edas Retocadas y en Ampliaciones 15&#215;20 impresas en papel fotogr\u00e1fico de calidad profesional. Las 10 fotograf\u00edas son seleccionadas por los padres.<\/li>\n<li>Las mismas 10 fotos en digital<\/li>\n<li>Env\u00edo a casa de las mismas<\/li>\n<\/ul>\n<p>Una vez realizada la compra nos pondremos en contacto con vosotros para organizar la sesi\u00f3n. Si es un regalo podr\u00e1s pedirnos una tarjeta imprimible o por email. Te pediremos todos los detalles al finalizar la compra.<\/p>\n<p>Complementa tu compra con:<\/p>\n<ul>\n<li>alguno de los Acabados que ofrecemos:\u00a0<a href=\"http:\/\/fotobbreportajestienda.es\/?product_cat=acabados\">\u00c1lbumes, Cuadros, FotoRegalo, Recordatorios<\/a>\u2026.<\/li>\n<li>el Env\u00edo del Reportaje Acabado por\u00a0<a href=\"http:\/\/fotobbreportajestienda.es\/?product=envio-por-mensajero\">mensajero<\/a>\u00a0cuando est\u00e9 terminado,<\/li>\n<li><a href=\"http:\/\/fotobbreportajestienda.es\/?product=envio-paquete-regalo\">Env\u00edo de Paquete de Regalo<\/a>\u00a0con tarjeta regalo personalizada.<\/li>\n<\/ul>\n","protected":false},"excerpt":{"rendered":"<p>Un Reportaje\u00a0AMPLIADO consiste en: Una sesi\u00f3n fotogr\u00e1fica en nuestro Estudio de Pozuelo de Alarc\u00f3n. La sesi\u00f3n incluye Retratos de Familia, Fotos del Beb\u00e9 en diferentes Posturitas\u00a0y 1\u00a0escenograf\u00eda\u00a0a elegir\u00a0para el beb\u00e9 durante la sesi\u00f3n. 10 Fotograf\u00edas Retocadas y en Ampliaciones 15&#215;20 impresas en papel fotogr\u00e1fico de calidad profesional. Las 10 fotograf\u00edas son seleccionadas por los padres. &hellip;<\/p>\n<p class=\"read-more\"> <a class=\"\" href=\"https:\/\/fotobbreportajestienda.es\/?product=reportaje-fotografico-de-recien-nacido-ampliado\"> <span class=\"screen-reader-text\">Reportaje de Reci\u00e9n Nacido Ampliado<\/span> Leer m\u00e1s &raquo;<\/a><\/p>\n","protected":false},"featured_media":3124,"template":"","meta":{"site-sidebar-layout":"default","site-content-layout":"default","ast-global-header-display":"","ast-main-header-display":"","ast-hfb-above-header-display":"","ast-hfb-below-header-display":"","ast-hfb-mobile-header-display":"","site-post-title":"","ast-breadcrumbs-content":"","ast-featured-img":"","footer-sml-layout":"","theme-transparent-header-meta":"default","adv-header-id-meta":"","stick-header-meta":"","header-above-stick-meta":"","header-main-stick-meta":"","header-below-stick-meta":""},"product_cat":[25],"product_tag":[],"class_list":{"0":"post-3098","1":"product","2":"type-product","3":"status-publish","4":"has-post-thumbnail","6":"product_cat-recien-nacidos","7":"desktop-align-center","8":"tablet-align-center","9":"mobile-align-center","11":"first","12":"instock","13":"taxable","14":"shipping-taxable","15":"purchasable","16":"product-type-simple"},"_links":{"self":[{"href":"https:\/\/fotobbreportajestienda.es\/index.php?rest_route=\/wp\/v2\/product\/3098"}],"collection":[{"href":"https:\/\/fotobbreportajestienda.es\/index.php?rest_route=\/wp\/v2\/product"}],"about":[{"href":"https:\/\/fotobbreportajestienda.es\/index.php?rest_route=\/wp\/v2\/types\/product"}],"wp:featuredmedia":[{"embeddable":true,"href":"https:\/\/fotobbreportajestienda.es\/index.php?rest_route=\/wp\/v2\/media\/3124"}],"wp:attachment":[{"href":"https:\/\/fotobbreportajestienda.es\/index.php?rest_route=%2Fwp%2Fv2%2Fmedia&parent=3098"}],"wp:term":[{"taxonomy":"product_cat","embeddable":true,"href":"https:\/\/fotobbreportajestienda.es\/index.php?rest_route=%2Fwp%2Fv2%2Fproduct_cat&post=3098"},{"taxonomy":"product_tag","embeddable":true,"href":"https:\/\/fotobbreportajestienda.es\/index.php?rest_route=%2Fwp%2Fv2%2Fproduct_tag&post=3098"}],"curies":[{"name":"wp","href":"https:\/\/api.w.org\/{rel}","templated":true}]}}