{"id":243,"date":"2018-06-20T07:16:56","date_gmt":"2018-06-20T07:16:56","guid":{"rendered":"http:\/\/fotobbreportajestienda.es\/?product=assorted-dry-fruits"},"modified":"2024-05-29T10:21:07","modified_gmt":"2024-05-29T10:21:07","slug":"reportaje-de-familia-minisesion","status":"publish","type":"product","link":"https:\/\/fotobbreportajestienda.es\/?product=reportaje-de-familia-minisesion","title":{"rendered":"Reportaje de Beb\u00e9 Basic"},"content":{"rendered":"<p>La SESI\u00d3N B\u00c1SIC consiste en:<\/p>\n<ul>\n<li>Una sesi\u00f3n fotogr\u00e1fica de unos 45 minutos de duraci\u00f3n en nuestro Estudio de Pozuelo de Alarc\u00f3n.<\/li>\n<li>La sesi\u00f3n incluye fotos del beb\u00e9 o ni\u00f1@, hermanos y padres<\/li>\n<li>Un \u00fanico vestuario<\/li>\n<li>8 fotos en digital<\/li>\n<li>las mismas 8 fotos impresas\u00a0en papel fotogr\u00e1fico 15&#215;20 cm. Son elegidas por vosotros c\u00f3modamente desde casa<\/li>\n<li>Env\u00edo a casa de las fotos impresas para no preocuparte por nada m\u00e1s.<\/li>\n<\/ul>\n<p>Una vez realizada la compra nos pondremos en contacto con vosotros para organizar la sesi\u00f3n. Si es un regalo podr\u00e1s pedirnos una tarjeta imprimible o por email. Te enviaremos un email solicitando los detalles cuando nos llegue la notificaci\u00f3n de la compra terminada.<\/p>\n<p>Complementa tu compra con:<\/p>\n<ul>\n<li>alguno de los Acabados que ofrecemos:\u00a0<a href=\"http:\/\/fotobbreportajestienda.es\/?product_cat=acabados\">\u00c1lbumes, Cuadros, FotoRegalo, Recordatorios<\/a>\u2026.<\/li>\n<li>el Env\u00edo del Reportaje Acabado por\u00a0<a href=\"http:\/\/fotobbreportajestienda.es\/?product=envio-por-mensajero\">mensajero<\/a>\u00a0cuando est\u00e9 terminado,<\/li>\n<li><a href=\"http:\/\/fotobbreportajestienda.es\/?product=envio-paquete-regalo\">Env\u00edo de Paquete de Regalo<\/a>\u00a0con tarjeta regalo personalizada.<\/li>\n<\/ul>\n","protected":false},"excerpt":{"rendered":"<p>La SESI\u00d3N B\u00c1SIC consiste en: Una sesi\u00f3n fotogr\u00e1fica de unos 45 minutos de duraci\u00f3n en nuestro Estudio de Pozuelo de Alarc\u00f3n. La sesi\u00f3n incluye fotos del beb\u00e9 o ni\u00f1@, hermanos y padres Un \u00fanico vestuario 8 fotos en digital las mismas 8 fotos impresas\u00a0en papel fotogr\u00e1fico 15&#215;20 cm. Son elegidas por vosotros c\u00f3modamente desde casa &hellip;<\/p>\n<p class=\"read-more\"> <a class=\"\" href=\"https:\/\/fotobbreportajestienda.es\/?product=reportaje-de-familia-minisesion\"> <span class=\"screen-reader-text\">Reportaje de Beb\u00e9 Basic<\/span> Leer m\u00e1s &raquo;<\/a><\/p>\n","protected":false},"featured_media":4850,"template":"","meta":{"site-sidebar-layout":"default","site-content-layout":"default","ast-global-header-display":"","ast-main-header-display":"","ast-hfb-above-header-display":"","ast-hfb-below-header-display":"","ast-hfb-mobile-header-display":"","site-post-title":"","ast-breadcrumbs-content":"","ast-featured-img":"","footer-sml-layout":"","theme-transparent-header-meta":"default","adv-header-id-meta":"","stick-header-meta":"","header-above-stick-meta":"","header-main-stick-meta":"","header-below-stick-meta":""},"product_cat":[26,128],"product_tag":[],"class_list":{"0":"post-243","1":"product","2":"type-product","3":"status-publish","4":"has-post-thumbnail","6":"product_cat-bebes-y-familias","7":"product_cat-tarjeta-regalo","8":"desktop-align-center","9":"tablet-align-center","10":"mobile-align-center","12":"first","13":"instock","14":"featured","15":"purchasable","16":"product-type-variable"},"_links":{"self":[{"href":"https:\/\/fotobbreportajestienda.es\/index.php?rest_route=\/wp\/v2\/product\/243"}],"collection":[{"href":"https:\/\/fotobbreportajestienda.es\/index.php?rest_route=\/wp\/v2\/product"}],"about":[{"href":"https:\/\/fotobbreportajestienda.es\/index.php?rest_route=\/wp\/v2\/types\/product"}],"wp:featuredmedia":[{"embeddable":true,"href":"https:\/\/fotobbreportajestienda.es\/index.php?rest_route=\/wp\/v2\/media\/4850"}],"wp:attachment":[{"href":"https:\/\/fotobbreportajestienda.es\/index.php?rest_route=%2Fwp%2Fv2%2Fmedia&parent=243"}],"wp:term":[{"taxonomy":"product_cat","embeddable":true,"href":"https:\/\/fotobbreportajestienda.es\/index.php?rest_route=%2Fwp%2Fv2%2Fproduct_cat&post=243"},{"taxonomy":"product_tag","embeddable":true,"href":"https:\/\/fotobbreportajestienda.es\/index.php?rest_route=%2Fwp%2Fv2%2Fproduct_tag&post=243"}],"curies":[{"name":"wp","href":"https:\/\/api.w.org\/{rel}","templated":true}]}}