{"id":242,"date":"2018-06-20T07:16:12","date_gmt":"2018-06-20T07:16:12","guid":{"rendered":"http:\/\/fotobbreportajestienda.es\/?product=fresh-orange-juice"},"modified":"2025-07-02T17:17:44","modified_gmt":"2025-07-02T17:17:44","slug":"reportaje-de-recien-nacido-sencillo","status":"publish","type":"product","link":"https:\/\/fotobbreportajestienda.es\/?product=reportaje-de-recien-nacido-sencillo","title":{"rendered":"Reportaje de Reci\u00e9n Nacido Sencillo"},"content":{"rendered":"<p>El\u00a0Reportaje\u00a0SENCILLO consiste en:<\/p>\n<ul>\n<li style=\"list-style-type: none;\">\n<ul>\n<li>Una sesi\u00f3n fotogr\u00e1fica de\u00a01 hora de duraci\u00f3n en nuestro Estudio de Pozuelo de Alarc\u00f3n: Fotos de Familia y Retratos del Beb\u00e9 en Diferentes Posturitas.<\/li>\n<li>8 Fotograf\u00edas Retocadas y en Ampliaciones 15&#215;20 impresas en papel fotogr\u00e1fico de calidad profesional. Las 8 fotograf\u00edas son seleccionadas por los padres.<\/li>\n<li>las mismas 8 fotos en versi\u00f3n digital<\/li>\n<li>env\u00edo a casa de las fotos<\/li>\n<\/ul>\n<\/li>\n<\/ul>\n<ul>\n<li style=\"list-style-type: none;\"><\/li>\n<\/ul>\n<p>Una vez realizada la compra nos pondremos en contacto con vosotros para organizar la sesi\u00f3n. Si es un regalo podr\u00e1s pedirnos una tarjeta imprimible o por email. Te pediremos todos los detalles al finalizar la compra.<\/p>\n<p>Complementa tu compra con:<\/p>\n<ul>\n<li>alguno de los Acabados que ofrecemos:\u00a0<a href=\"http:\/\/fotobbreportajestienda.es\/?product_cat=acabados\">\u00c1lbumes, Cuadros, FotoRegalo, Recordatorios<\/a>\u2026.<\/li>\n<li>el Env\u00edo del Reportaje Acabado por\u00a0<a href=\"http:\/\/fotobbreportajestienda.es\/?product=envio-por-mensajero\">mensajero<\/a>\u00a0cuando est\u00e9 terminado,<\/li>\n<li><a href=\"http:\/\/fotobbreportajestienda.es\/?product=envio-paquete-regalo\">Env\u00edo de Paquete de Regalo<\/a>\u00a0con tarjeta regalo personalizada.<\/li>\n<\/ul>\n","protected":false},"excerpt":{"rendered":"<p>El\u00a0Reportaje\u00a0SENCILLO consiste en: Una sesi\u00f3n fotogr\u00e1fica de\u00a01 hora de duraci\u00f3n en nuestro Estudio de Pozuelo de Alarc\u00f3n: Fotos de Familia y Retratos del Beb\u00e9 en Diferentes Posturitas. 8 Fotograf\u00edas Retocadas y en Ampliaciones 15&#215;20 impresas en papel fotogr\u00e1fico de calidad profesional. Las 8 fotograf\u00edas son seleccionadas por los padres. las mismas 8 fotos en versi\u00f3n &hellip;<\/p>\n<p class=\"read-more\"> <a class=\"\" href=\"https:\/\/fotobbreportajestienda.es\/?product=reportaje-de-recien-nacido-sencillo\"> <span class=\"screen-reader-text\">Reportaje de Reci\u00e9n Nacido Sencillo<\/span> Leer m\u00e1s &raquo;<\/a><\/p>\n","protected":false},"featured_media":3201,"template":"","meta":{"site-sidebar-layout":"default","site-content-layout":"default","ast-global-header-display":"","ast-main-header-display":"","ast-hfb-above-header-display":"","ast-hfb-below-header-display":"","ast-hfb-mobile-header-display":"","site-post-title":"","ast-breadcrumbs-content":"","ast-featured-img":"","footer-sml-layout":"","theme-transparent-header-meta":"default","adv-header-id-meta":"","stick-header-meta":"","header-above-stick-meta":"","header-main-stick-meta":"","header-below-stick-meta":""},"product_cat":[25],"product_tag":[],"class_list":{"0":"post-242","1":"product","2":"type-product","3":"status-publish","4":"has-post-thumbnail","6":"product_cat-recien-nacidos","7":"desktop-align-center","8":"tablet-align-center","9":"mobile-align-center","11":"first","12":"instock","13":"featured","14":"taxable","15":"shipping-taxable","16":"purchasable","17":"product-type-simple"},"_links":{"self":[{"href":"https:\/\/fotobbreportajestienda.es\/index.php?rest_route=\/wp\/v2\/product\/242"}],"collection":[{"href":"https:\/\/fotobbreportajestienda.es\/index.php?rest_route=\/wp\/v2\/product"}],"about":[{"href":"https:\/\/fotobbreportajestienda.es\/index.php?rest_route=\/wp\/v2\/types\/product"}],"wp:featuredmedia":[{"embeddable":true,"href":"https:\/\/fotobbreportajestienda.es\/index.php?rest_route=\/wp\/v2\/media\/3201"}],"wp:attachment":[{"href":"https:\/\/fotobbreportajestienda.es\/index.php?rest_route=%2Fwp%2Fv2%2Fmedia&parent=242"}],"wp:term":[{"taxonomy":"product_cat","embeddable":true,"href":"https:\/\/fotobbreportajestienda.es\/index.php?rest_route=%2Fwp%2Fv2%2Fproduct_cat&post=242"},{"taxonomy":"product_tag","embeddable":true,"href":"https:\/\/fotobbreportajestienda.es\/index.php?rest_route=%2Fwp%2Fv2%2Fproduct_tag&post=242"}],"curies":[{"name":"wp","href":"https:\/\/api.w.org\/{rel}","templated":true}]}}