{"id":168,"date":"2018-06-19T13:42:19","date_gmt":"2018-06-19T13:42:19","guid":{"rendered":"http:\/\/fotobbreportajestienda.es\/?product=assorted-coffee"},"modified":"2024-05-29T10:16:20","modified_gmt":"2024-05-29T10:16:20","slug":"reportaje-de-familia-en-exteriores","status":"publish","type":"product","link":"https:\/\/fotobbreportajestienda.es\/?product=reportaje-de-familia-en-exteriores","title":{"rendered":"Reportaje de Familia En Exteriores"},"content":{"rendered":"<p>El Reportaje de EXTERIORES consiste en:<\/p>\n<ul>\n<li>Una sesi\u00f3n fotogr\u00e1fica de 1 hora de duraci\u00f3n en una localizaci\u00f3n exterior acordada.<\/li>\n<li>La sesi\u00f3n incluye Fotos de Familia y Fotos de los Ni\u00f1os.<\/li>\n<li>Asesoramiento para el vestuario<\/li>\n<li>10 fotos en digital<\/li>\n<li>Las mismas 10 fotos impresas en ampliaciones 15&#215;20 en papel fotogr\u00e1fico profesional de alta calidad. Las 10 fotograf\u00edas son seleccionadas por los padres.<\/li>\n<\/ul>\n<p>Una vez realizada la compra nos pondremos en contacto con vosotros para organizar la sesi\u00f3n. Si es un regalo podr\u00e1s pedirnos una tarjeta imprimible o por email. Te enviaremos un email solicitando los detalles cuando nos llegue la notificaci\u00f3n de la compra terminada.<\/p>\n<p>Complementa tu compra con:<\/p>\n<ul>\n<li>alguno de los Acabados que ofrecemos:\u00a0<a href=\"http:\/\/fotobbreportajestienda.es\/?product_cat=acabados\">\u00c1lbumes, Cuadros, FotoRegalo, Recordatorios<\/a>\u2026.<\/li>\n<li>el Env\u00edo del Reportaje Acabado por\u00a0<a href=\"http:\/\/fotobbreportajestienda.es\/?product=envio-por-mensajero\">mensajero<\/a>\u00a0cuando est\u00e9 terminado,<\/li>\n<li><a href=\"http:\/\/fotobbreportajestienda.es\/?product=envio-paquete-regalo\">Env\u00edo de Paquete de Regalo<\/a>\u00a0con tarjeta regalo personalizada.<\/li>\n<\/ul>\n","protected":false},"excerpt":{"rendered":"<p>El Reportaje de EXTERIORES consiste en: Una sesi\u00f3n fotogr\u00e1fica de 1 hora de duraci\u00f3n en una localizaci\u00f3n exterior acordada. La sesi\u00f3n incluye Fotos de Familia y Fotos de los Ni\u00f1os. Asesoramiento para el vestuario 10 fotos en digital Las mismas 10 fotos impresas en ampliaciones 15&#215;20 en papel fotogr\u00e1fico profesional de alta calidad. Las 10 &hellip;<\/p>\n<p class=\"read-more\"> <a class=\"\" href=\"https:\/\/fotobbreportajestienda.es\/?product=reportaje-de-familia-en-exteriores\"> <span class=\"screen-reader-text\">Reportaje de Familia En Exteriores<\/span> Leer m\u00e1s &raquo;<\/a><\/p>\n","protected":false},"featured_media":5106,"template":"","meta":{"site-sidebar-layout":"default","site-content-layout":"default","ast-global-header-display":"","ast-main-header-display":"","ast-hfb-above-header-display":"","ast-hfb-below-header-display":"","ast-hfb-mobile-header-display":"","site-post-title":"","ast-breadcrumbs-content":"","ast-featured-img":"","footer-sml-layout":"","theme-transparent-header-meta":"default","adv-header-id-meta":"","stick-header-meta":"","header-above-stick-meta":"","header-main-stick-meta":"","header-below-stick-meta":""},"product_cat":[26],"product_tag":[],"class_list":{"0":"post-168","1":"product","2":"type-product","3":"status-publish","4":"has-post-thumbnail","6":"product_cat-bebes-y-familias","7":"desktop-align-center","8":"tablet-align-center","9":"mobile-align-center","11":"first","12":"instock","13":"featured","14":"taxable","15":"shipping-taxable","16":"purchasable","17":"product-type-simple"},"_links":{"self":[{"href":"https:\/\/fotobbreportajestienda.es\/index.php?rest_route=\/wp\/v2\/product\/168"}],"collection":[{"href":"https:\/\/fotobbreportajestienda.es\/index.php?rest_route=\/wp\/v2\/product"}],"about":[{"href":"https:\/\/fotobbreportajestienda.es\/index.php?rest_route=\/wp\/v2\/types\/product"}],"wp:featuredmedia":[{"embeddable":true,"href":"https:\/\/fotobbreportajestienda.es\/index.php?rest_route=\/wp\/v2\/media\/5106"}],"wp:attachment":[{"href":"https:\/\/fotobbreportajestienda.es\/index.php?rest_route=%2Fwp%2Fv2%2Fmedia&parent=168"}],"wp:term":[{"taxonomy":"product_cat","embeddable":true,"href":"https:\/\/fotobbreportajestienda.es\/index.php?rest_route=%2Fwp%2Fv2%2Fproduct_cat&post=168"},{"taxonomy":"product_tag","embeddable":true,"href":"https:\/\/fotobbreportajestienda.es\/index.php?rest_route=%2Fwp%2Fv2%2Fproduct_tag&post=168"}],"curies":[{"name":"wp","href":"https:\/\/api.w.org\/{rel}","templated":true}]}}